{"id":93511,"date":"2017-07-02T04:50:30","date_gmt":"2017-07-02T04:50:30","guid":{"rendered":"http:\/\/www.ceramictiles.com\/srbija\/product\/habitat-keramika-markab-blanco\/"},"modified":"2026-01-03T00:01:21","modified_gmt":"2026-01-03T00:01:21","slug":"habitat-keramika-markab-blanco","status":"publish","type":"product","link":"https:\/\/www.keramika.com\/srbija\/habitat-keramika-markab-blanco\/","title":{"rendered":"Habitat keramika Markab Blanco"},"content":{"rendered":"<p>Veli\u010dina 20&#215;20 cm je odli\u010dna za sve podloge. Ova plo\u010dica je debela 9 mm i zato je izuzetno izdr\u017eljiva. Plo\u010dice bele boje, su letos izuzetno tre\u017eene. Habitat Markab Blanco dolazi iz \u0160panije, koja je poznata po vrlo visokoj kvaliteta keramike u svetu. Zbog ni\u017eih tro\u0161kova, online prodaje, Vi \u0107e te na na\u0161oj strani ove plo\u010de platiti samo 3499,45 RSD.<\/p>\n<p>Kliknite na ime serije za sve plo\u010dice u toj seriji: <a class=\"pdfcatal\" href=\"\/\/www.ceramictiles.com\/pdf\/habitat\/catalogue_habitat_markab.pdf\" onclick=\"recordOutboundLink(this, 'E-mail', 'Description PDF');return false;\">Habitat ceramics Markab<\/a><\/p>\n<p>Da bi naru\u010dili model iz PDF kataloga ove serije, molimo vas, da nas kontaktirate na: <a href=\"mailto:zo_mi@ceramictiles.com\" onclick=\"recordOutboundLink(this, 'E-mail', 'Description mail');return false;\">zo_mi@ceramictiles.com<\/a> ili nas pozovite na: For exact offer, PLS send us quantity and product you need with delivery address..<\/p>\n<p>Technical description: <br \/>Matt tiles &#8211; W 20&#215;20 <\/p>\n","protected":false},"excerpt":{"rendered":"<p>Veli\u010dina 20&#215;20 cm je odli\u010dna za sve podloge. Ova plo\u010dica je debela 9 mm i zato je izuzetno izdr\u017eljiva. Plo\u010dice bele boje, su letos izuzetno tre\u017eene. Habitat Markab Blanco dolazi iz \u0160panije, koja je poznata po vrlo visokoj kvaliteta keramike u svetu. Zbog ni\u017eih tro\u0161kova, online prodaje, Vi \u0107e te na na\u0161oj strani ove plo\u010de [&hellip;]<\/p>\n","protected":false},"featured_media":93512,"template":"","meta":[],"product_cat":[99921440,200,240,260,999,290,250],"product_tag":[],"_links":{"self":[{"href":"https:\/\/www.keramika.com\/srbija\/wp-json\/wp\/v2\/product\/93511"}],"collection":[{"href":"https:\/\/www.keramika.com\/srbija\/wp-json\/wp\/v2\/product"}],"about":[{"href":"https:\/\/www.keramika.com\/srbija\/wp-json\/wp\/v2\/types\/product"}],"wp:featuredmedia":[{"embeddable":true,"href":"https:\/\/www.keramika.com\/srbija\/wp-json\/wp\/v2\/media\/93512"}],"wp:attachment":[{"href":"https:\/\/www.keramika.com\/srbija\/wp-json\/wp\/v2\/media?parent=93511"}],"wp:term":[{"taxonomy":"product_cat","embeddable":true,"href":"https:\/\/www.keramika.com\/srbija\/wp-json\/wp\/v2\/product_cat?post=93511"},{"taxonomy":"product_tag","embeddable":true,"href":"https:\/\/www.keramika.com\/srbija\/wp-json\/wp\/v2\/product_tag?post=93511"}],"curies":[{"name":"wp","href":"https:\/\/api.w.org\/{rel}","templated":true}]}}