{"id":93491,"date":"2017-07-02T04:46:55","date_gmt":"2017-07-02T04:46:55","guid":{"rendered":"http:\/\/www.ceramictiles.com\/srbija\/product\/habitat-keramika-acropolis-gris\/"},"modified":"2026-01-03T00:01:18","modified_gmt":"2026-01-03T00:01:18","slug":"habitat-keramika-acropolis-gris","status":"publish","type":"product","link":"https:\/\/www.keramika.com\/srbija\/habitat-keramika-acropolis-gris\/","title":{"rendered":"Habitat keramika Acropolis Gris"},"content":{"rendered":"<p>Umesto 4373,45 RSD \u0161to je redovna maloprodajna cena keramike, u na\u0161oj online prodavnici, je mo\u017eete dobiti za samo 3499,45 RSD. Ove plo\u010dice dolaze od proizvo\u0111a\u010da Habitat ceramics, iz \u0160panije. 10 mm debljina \u0107e zadovoljiti i najzahtevnije kupce. Plo\u010dica 60&#215;60 cm je dobra za ve\u0107 razli\u010ditih namena. Keramika je prekrasne sive boje. U koliko \u017eelite neku drugu boju, pozovite nas i mi \u0107emo proveriti kod proizvo\u0111a\u010da.<\/p>\n<p>Kliknite na ime serije za sve plo\u010dice u toj seriji: <a class=\"pdfcatal\" href=\"\/\/www.ceramictiles.com\/pdf\/habitat\/catalogue_habitat_acropolis.pdf\" onclick=\"recordOutboundLink(this, 'E-mail', 'Description PDF');return false;\">Habitat ceramics Acropolis<\/a><\/p>\n<p>Da bi naru\u010dili model iz PDF kataloga ove serije, molimo vas, da nas kontaktirate na: <a href=\"mailto:zo_mi@ceramictiles.com\" onclick=\"recordOutboundLink(this, 'E-mail', 'Description mail');return false;\">zo_mi@ceramictiles.com<\/a> ili nas pozovite na: For exact offer, PLS send us quantity and product you need with delivery address..<\/p>\n<p>Technical description: <br \/>Matt marble tiles &#8211; F 60&#215;60 <br \/>Acr\u00f3polis Blanco ; Acr\u00f3polis Gris ; Acr\u00f3polis Beige ;<\/p>\n<p><\/p>\n<div style=\"height: 150px;\"><\/p>\n<div class=\"photo\" style=\"padding:0px;margin:0px;\" ><a href=\"#productimage1\"><img loading=\"lazy\" class=\"aligncenter\" src=\"https:\/\/www.ceramictiles.com\/images\/habitat\/alta-acropolis-beige-60x60.jpg\" alt=\" width=\"100\" height=\"150\" \/><\/a><\/div>\n<p><\/p>\n<div class=\"photo\" style=\"padding:0px;margin:0px;\" ><a href=\"#productimage2\"><img loading=\"lazy\" class=\"aligncenter\" src=\"https:\/\/www.ceramictiles.com\/images\/habitat\/alta-acropolis-blanco-60x60.jpg\" alt=\" width=\"100\" height=\"150\" \/><\/a><\/div>\n<p><\/p>\n<div class=\"photo\" style=\"padding:0px;margin:0px;\" ><a href=\"#productimage3\"><img loading=\"lazy\" class=\"aligncenter\" src=\"https:\/\/www.ceramictiles.com\/images\/habitat\/alta-acropolis-gris-60x60.jpg\" alt=\" width=\"100\" height=\"150\" \/><\/a><\/div>\n<p><\/div>\n<p><\/p>\n<div style=\"display: none;\" id=\"productimage1\"> <img src=\"https:\/\/www.ceramictiles.com\/images\/habitat\/alta-acropolis-beige-60x60.jpg\" alt=\"helmet\"> <\/div>\n<p><\/p>\n<div style=\"display: none;\" id=\"productimage2\"> <img src=\"https:\/\/www.ceramictiles.com\/images\/habitat\/alta-acropolis-blanco-60x60.jpg\" alt=\"helmet\"> <\/div>\n<p><\/p>\n<div style=\"display: none;\" id=\"productimage3\"> <img src=\"https:\/\/www.ceramictiles.com\/images\/habitat\/alta-acropolis-gris-60x60.jpg\" alt=\"helmet\"> <\/div>\n","protected":false},"excerpt":{"rendered":"<p>Umesto 4373,45 RSD \u0161to je redovna maloprodajna cena keramike, u na\u0161oj online prodavnici, je mo\u017eete dobiti za samo 3499,45 RSD. Ove plo\u010dice dolaze od proizvo\u0111a\u010da Habitat ceramics, iz \u0160panije. 10 mm debljina \u0107e zadovoljiti i najzahtevnije kupce. Plo\u010dica 60&#215;60 cm je dobra za ve\u0107 razli\u010ditih namena. Keramika je prekrasne sive boje. U koliko \u017eelite neku [&hellip;]<\/p>\n","protected":false},"featured_media":93492,"template":"","meta":[],"product_cat":[99921440,200,240,260,999,290,250],"product_tag":[],"_links":{"self":[{"href":"https:\/\/www.keramika.com\/srbija\/wp-json\/wp\/v2\/product\/93491"}],"collection":[{"href":"https:\/\/www.keramika.com\/srbija\/wp-json\/wp\/v2\/product"}],"about":[{"href":"https:\/\/www.keramika.com\/srbija\/wp-json\/wp\/v2\/types\/product"}],"wp:featuredmedia":[{"embeddable":true,"href":"https:\/\/www.keramika.com\/srbija\/wp-json\/wp\/v2\/media\/93492"}],"wp:attachment":[{"href":"https:\/\/www.keramika.com\/srbija\/wp-json\/wp\/v2\/media?parent=93491"}],"wp:term":[{"taxonomy":"product_cat","embeddable":true,"href":"https:\/\/www.keramika.com\/srbija\/wp-json\/wp\/v2\/product_cat?post=93491"},{"taxonomy":"product_tag","embeddable":true,"href":"https:\/\/www.keramika.com\/srbija\/wp-json\/wp\/v2\/product_tag?post=93491"}],"curies":[{"name":"wp","href":"https:\/\/api.w.org\/{rel}","templated":true}]}}