{"id":93485,"date":"2017-07-02T04:46:02","date_gmt":"2017-07-02T04:46:02","guid":{"rendered":"http:\/\/www.ceramictiles.com\/srbija\/product\/keramika-imitacija-drveta-aparici-hd-sylan\/"},"modified":"2017-07-04T12:01:00","modified_gmt":"2017-07-04T12:01:00","slug":"keramika-imitacija-drveta-aparici-hd-sylan","status":"publish","type":"product","link":"https:\/\/www.keramika.com\/srbija\/keramika-imitacija-drveta-aparici-hd-sylan\/","title":{"rendered":"Keramika imitacija drveta Aparici HD\u00a0Sylan"},"content":{"rendered":"<p>Debljina 9 mm \u010dini plo\u010dicu vrlo izdr\u017eljivom i prijatnom na dodir. Plo\u010dica 15&#215;90 cm je dobra za ve\u0107 razli\u010ditih namena. Aparici HD\u00a0Sylan dolazi iz \u0160panije, koja je poznata po vrlo visokoj kvaliteta keramike u svetu. Izuzetno moderne plo\u010dice braon boje, osve\u017eit \u0107e svaki prostor.<\/p>\n<p>Kliknite na ime serije za sve plo\u010dice u toj seriji: <a class=\"pdfcatal\" href=\"\/\/www.ceramictiles.com\/pdf\/aparici\/catalogue_aparici_sylan.pdf\" onclick=\"recordOutboundLink(this, 'E-mail', 'Description PDF');return false;\">Aparici Sylan<\/a><\/p>\n<p>Da bi naru\u010dili model iz PDF kataloga ove serije, molimo vas, da nas kontaktirate na: <a href=\"mailto:zo_mi@ceramictiles.com\" onclick=\"recordOutboundLink(this, 'E-mail', 'Description mail');return false;\">zo_mi@ceramictiles.com<\/a> ili nas pozovite na: For exact offer, PLS send us quantity and product you need with delivery address..<\/p>\n<p>Technical description: <br \/> F 44,63&#215;89,46 ; 14,74&#215;89,46 <br \/>Sylan Maple ; Sylan Teak ; Sylan Walnut ;<\/p>\n","protected":false},"excerpt":{"rendered":"<p>Debljina 9 mm \u010dini plo\u010dicu vrlo izdr\u017eljivom i prijatnom na dodir. Plo\u010dica 15&#215;90 cm je dobra za ve\u0107 razli\u010ditih namena. Aparici HD\u00a0Sylan dolazi iz \u0160panije, koja je poznata po vrlo visokoj kvaliteta keramike u svetu. Izuzetno moderne plo\u010dice braon boje, osve\u017eit \u0107e svaki prostor. Kliknite na ime serije za sve plo\u010dice u toj seriji: Aparici [&hellip;]<\/p>\n","protected":false},"featured_media":93486,"template":"","meta":[],"product_cat":[999773,200,240,260,999],"product_tag":[99950095],"_links":{"self":[{"href":"https:\/\/www.keramika.com\/srbija\/wp-json\/wp\/v2\/product\/93485"}],"collection":[{"href":"https:\/\/www.keramika.com\/srbija\/wp-json\/wp\/v2\/product"}],"about":[{"href":"https:\/\/www.keramika.com\/srbija\/wp-json\/wp\/v2\/types\/product"}],"wp:featuredmedia":[{"embeddable":true,"href":"https:\/\/www.keramika.com\/srbija\/wp-json\/wp\/v2\/media\/93486"}],"wp:attachment":[{"href":"https:\/\/www.keramika.com\/srbija\/wp-json\/wp\/v2\/media?parent=93485"}],"wp:term":[{"taxonomy":"product_cat","embeddable":true,"href":"https:\/\/www.keramika.com\/srbija\/wp-json\/wp\/v2\/product_cat?post=93485"},{"taxonomy":"product_tag","embeddable":true,"href":"https:\/\/www.keramika.com\/srbija\/wp-json\/wp\/v2\/product_tag?post=93485"}],"curies":[{"name":"wp","href":"https:\/\/api.w.org\/{rel}","templated":true}]}}