{"id":93479,"date":"2017-07-02T04:45:03","date_gmt":"2017-07-02T04:45:03","guid":{"rendered":"http:\/\/www.ceramictiles.com\/srbija\/product\/podne-i-zidne-plocice-aparici-hd-slab\/"},"modified":"2017-07-02T04:45:03","modified_gmt":"2017-07-02T04:45:03","slug":"podne-i-zidne-plocice-aparici-hd-slab","status":"publish","type":"product","link":"https:\/\/www.keramika.com\/srbija\/podne-i-zidne-plocice-aparici-hd-slab\/","title":{"rendered":"Podne i zidne plo\u010dice Aparici HD Slab"},"content":{"rendered":"<p>Veli\u010dina plo\u010dice je 30&#215;60 cm i odli\u010dna je za razli\u010dite povr\u0161ine. Plo\u010dice sive boje, su letos izuzetno tre\u017eene. plo\u010dica proizvo\u0111a\u010da Aparici iz \u0160panije. 10 mm debljina \u0107e zadovoljiti i najzahtevnije kupce.<\/p>\n<p>Kliknite na ime serije za sve plo\u010dice u toj seriji: <a class=\"pdfcatal\" href=\"\/\/www.ceramictiles.com\/pdf\/aparici\/catalogue_aparici_slab.pdf\" onclick=\"recordOutboundLink(this, 'E-mail', 'Description PDF');return false;\">Aparici Slab<\/a><\/p>\n<p>Da bi naru\u010dili model iz PDF kataloga ove serije, molimo vas, da nas kontaktirate na: <a href=\"mailto:zo_mi@ceramictiles.com\" onclick=\"recordOutboundLink(this, 'E-mail', 'Description mail');return false;\">zo_mi@ceramictiles.com<\/a> ili nas pozovite na: For exact offer, PLS send us quantity and product you need with delivery address..<\/p>\n<p>Technical description: <br \/> W &#038; F 29,75&#215;59,55 ; 29,5X29,5 <br \/>Slab Savia Natural ; Slab Musgo Natural ; Slab Oxido Natural ; Slab Flagstone ;<\/p>\n","protected":false},"excerpt":{"rendered":"<p>Veli\u010dina plo\u010dice je 30&#215;60 cm i odli\u010dna je za razli\u010dite povr\u0161ine. Plo\u010dice sive boje, su letos izuzetno tre\u017eene. plo\u010dica proizvo\u0111a\u010da Aparici iz \u0160panije. 10 mm debljina \u0107e zadovoljiti i najzahtevnije kupce. Kliknite na ime serije za sve plo\u010dice u toj seriji: Aparici Slab Da bi naru\u010dili model iz PDF kataloga ove serije, molimo vas, da [&hellip;]<\/p>\n","protected":false},"featured_media":93480,"template":"","meta":[],"product_cat":[999773,200,240,260,999,250],"product_tag":[],"_links":{"self":[{"href":"https:\/\/www.keramika.com\/srbija\/wp-json\/wp\/v2\/product\/93479"}],"collection":[{"href":"https:\/\/www.keramika.com\/srbija\/wp-json\/wp\/v2\/product"}],"about":[{"href":"https:\/\/www.keramika.com\/srbija\/wp-json\/wp\/v2\/types\/product"}],"wp:featuredmedia":[{"embeddable":true,"href":"https:\/\/www.keramika.com\/srbija\/wp-json\/wp\/v2\/media\/93480"}],"wp:attachment":[{"href":"https:\/\/www.keramika.com\/srbija\/wp-json\/wp\/v2\/media?parent=93479"}],"wp:term":[{"taxonomy":"product_cat","embeddable":true,"href":"https:\/\/www.keramika.com\/srbija\/wp-json\/wp\/v2\/product_cat?post=93479"},{"taxonomy":"product_tag","embeddable":true,"href":"https:\/\/www.keramika.com\/srbija\/wp-json\/wp\/v2\/product_tag?post=93479"}],"curies":[{"name":"wp","href":"https:\/\/api.w.org\/{rel}","templated":true}]}}