{"id":93473,"date":"2017-07-02T04:44:09","date_gmt":"2017-07-02T04:44:09","guid":{"rendered":"http:\/\/www.ceramictiles.com\/srbija\/product\/podne-porculan-plocice-aparici-hd-sahel\/"},"modified":"2017-07-02T04:44:09","modified_gmt":"2017-07-02T04:44:09","slug":"podne-porculan-plocice-aparici-hd-sahel","status":"publish","type":"product","link":"https:\/\/www.keramika.com\/srbija\/podne-porculan-plocice-aparici-hd-sahel\/","title":{"rendered":"Podne porculan plo\u010dice Aparici HD\u00a0Sahel"},"content":{"rendered":"<p>Plo\u010dica 60&#215;60 cm je dobra za ve\u0107 razli\u010ditih namena. Ova plo\u010dica je debela 10 mm i zato je izuzetno izdr\u017eljiva. Aparici HD\u00a0Sahel je proizvod iz \u0160panije te je izuzetno kvalitetna. U izboru plo\u010dica braon boje, ne mo\u017eete pogre\u0161iti.<\/p>\n<p>Kliknite na ime serije za sve plo\u010dice u toj seriji: <a class=\"pdfcatal\" href=\"\/\/www.ceramictiles.com\/pdf\/aparici\/catalogue_aparici_sahel.pdf\" onclick=\"recordOutboundLink(this, 'E-mail', 'Description PDF');return false;\">Aparici Sahel<\/a><\/p>\n<p>Da bi naru\u010dili model iz PDF kataloga ove serije, molimo vas, da nas kontaktirate na: <a href=\"mailto:zo_mi@ceramictiles.com\" onclick=\"recordOutboundLink(this, 'E-mail', 'Description mail');return false;\">zo_mi@ceramictiles.com<\/a> ili nas pozovite na: For exact offer, PLS send us quantity and product you need with delivery address..<\/p>\n<p>Technical description: <br \/> F 59,55&#215;59,55 <br \/>Sahel Marfil ; Sahel Ambar ;<\/p>\n","protected":false},"excerpt":{"rendered":"<p>Plo\u010dica 60&#215;60 cm je dobra za ve\u0107 razli\u010ditih namena. Ova plo\u010dica je debela 10 mm i zato je izuzetno izdr\u017eljiva. Aparici HD\u00a0Sahel je proizvod iz \u0160panije te je izuzetno kvalitetna. U izboru plo\u010dica braon boje, ne mo\u017eete pogre\u0161iti. Kliknite na ime serije za sve plo\u010dice u toj seriji: Aparici Sahel Da bi naru\u010dili model iz [&hellip;]<\/p>\n","protected":false},"featured_media":93474,"template":"","meta":[],"product_cat":[999773,200,240,260,999],"product_tag":[],"_links":{"self":[{"href":"https:\/\/www.keramika.com\/srbija\/wp-json\/wp\/v2\/product\/93473"}],"collection":[{"href":"https:\/\/www.keramika.com\/srbija\/wp-json\/wp\/v2\/product"}],"about":[{"href":"https:\/\/www.keramika.com\/srbija\/wp-json\/wp\/v2\/types\/product"}],"wp:featuredmedia":[{"embeddable":true,"href":"https:\/\/www.keramika.com\/srbija\/wp-json\/wp\/v2\/media\/93474"}],"wp:attachment":[{"href":"https:\/\/www.keramika.com\/srbija\/wp-json\/wp\/v2\/media?parent=93473"}],"wp:term":[{"taxonomy":"product_cat","embeddable":true,"href":"https:\/\/www.keramika.com\/srbija\/wp-json\/wp\/v2\/product_cat?post=93473"},{"taxonomy":"product_tag","embeddable":true,"href":"https:\/\/www.keramika.com\/srbija\/wp-json\/wp\/v2\/product_tag?post=93473"}],"curies":[{"name":"wp","href":"https:\/\/api.w.org\/{rel}","templated":true}]}}