{"id":93471,"date":"2017-07-02T04:43:49","date_gmt":"2017-07-02T04:43:49","guid":{"rendered":"http:\/\/www.ceramictiles.com\/srbija\/product\/podne-i-zidne-plocice-aparici-hd-sagesta\/"},"modified":"2017-07-02T04:43:49","modified_gmt":"2017-07-02T04:43:49","slug":"podne-i-zidne-plocice-aparici-hd-sagesta","status":"publish","type":"product","link":"https:\/\/www.keramika.com\/srbija\/podne-i-zidne-plocice-aparici-hd-sagesta\/","title":{"rendered":"Podne i zidne plo\u010dice Aparici HD Sagesta"},"content":{"rendered":"<p>Veli\u010dina 30&#215;60 cm je odli\u010dna za sve podloge. Plo\u010dice be\u017e boje osvje\u017eit \u0107e svaki prostor. plo\u010dica proizvo\u0111a\u010da Aparici iz \u0160panije. 10 mm debljine je dovoljno za zahtevnije kupce.<\/p>\n<p>Kliknite na ime serije za sve plo\u010dice u toj seriji: <a class=\"pdfcatal\" href=\"\/\/www.ceramictiles.com\/pdf\/aparici\/catalogue_aparici_sagesta.pdf\" onclick=\"recordOutboundLink(this, 'E-mail', 'Description PDF');return false;\">Aparici Sagesta<\/a><\/p>\n<p>Da bi naru\u010dili model iz PDF kataloga ove serije, molimo vas, da nas kontaktirate na: <a href=\"mailto:zo_mi@ceramictiles.com\" onclick=\"recordOutboundLink(this, 'E-mail', 'Description mail');return false;\">zo_mi@ceramictiles.com<\/a> ili nas pozovite na: For exact offer, PLS send us quantity and product you need with delivery address..<\/p>\n<p>Technical description: <br \/> W &#038; F 59,55&#215;59,55 ; 29,75&#215;59,55 ; 29,75&#215;89,46 <br \/>Sagesta Bianco ;<\/p>\n","protected":false},"excerpt":{"rendered":"<p>Veli\u010dina 30&#215;60 cm je odli\u010dna za sve podloge. Plo\u010dice be\u017e boje osvje\u017eit \u0107e svaki prostor. plo\u010dica proizvo\u0111a\u010da Aparici iz \u0160panije. 10 mm debljine je dovoljno za zahtevnije kupce. Kliknite na ime serije za sve plo\u010dice u toj seriji: Aparici Sagesta Da bi naru\u010dili model iz PDF kataloga ove serije, molimo vas, da nas kontaktirate na: [&hellip;]<\/p>\n","protected":false},"featured_media":93472,"template":"","meta":[],"product_cat":[999773,200,240,260,999,250],"product_tag":[],"_links":{"self":[{"href":"https:\/\/www.keramika.com\/srbija\/wp-json\/wp\/v2\/product\/93471"}],"collection":[{"href":"https:\/\/www.keramika.com\/srbija\/wp-json\/wp\/v2\/product"}],"about":[{"href":"https:\/\/www.keramika.com\/srbija\/wp-json\/wp\/v2\/types\/product"}],"wp:featuredmedia":[{"embeddable":true,"href":"https:\/\/www.keramika.com\/srbija\/wp-json\/wp\/v2\/media\/93472"}],"wp:attachment":[{"href":"https:\/\/www.keramika.com\/srbija\/wp-json\/wp\/v2\/media?parent=93471"}],"wp:term":[{"taxonomy":"product_cat","embeddable":true,"href":"https:\/\/www.keramika.com\/srbija\/wp-json\/wp\/v2\/product_cat?post=93471"},{"taxonomy":"product_tag","embeddable":true,"href":"https:\/\/www.keramika.com\/srbija\/wp-json\/wp\/v2\/product_tag?post=93471"}],"curies":[{"name":"wp","href":"https:\/\/api.w.org\/{rel}","templated":true}]}}