{"id":93463,"date":"2017-07-02T04:42:40","date_gmt":"2017-07-02T04:42:40","guid":{"rendered":"http:\/\/www.ceramictiles.com\/srbija\/product\/podne-porculan-plocice-aparici-hd-primary\/"},"modified":"2017-07-02T04:42:40","modified_gmt":"2017-07-02T04:42:40","slug":"podne-porculan-plocice-aparici-hd-primary","status":"publish","type":"product","link":"https:\/\/www.keramika.com\/srbija\/podne-porculan-plocice-aparici-hd-primary\/","title":{"rendered":"Podne porculan plo\u010dice Aparici HD\u00a0Primary"},"content":{"rendered":"<p>Ova plo\u010dica je debela 10 mm i zato je izuzetno izdr\u017eljiva. Veli\u010dina plo\u010dice je 30&#215;30 cm i odli\u010dna je za razli\u010dite povr\u0161ine. Plo\u010dice be\u017e boje, su letos izuzetno tre\u017eene. Ove plo\u010dice dolaze od proizvo\u0111a\u010da Aparici, iz \u0160panije.<\/p>\n<p>Kliknite na ime serije za sve plo\u010dice u toj seriji: <a class=\"pdfcatal\" href=\"\/\/www.ceramictiles.com\/pdf\/aparici\/catalogue_aparici_primary.pdf\" onclick=\"recordOutboundLink(this, 'E-mail', 'Description PDF');return false;\">Aparici Primary<\/a><\/p>\n<p>Da bi naru\u010dili model iz PDF kataloga ove serije, molimo vas, da nas kontaktirate na: <a href=\"mailto:zo_mi@ceramictiles.com\" onclick=\"recordOutboundLink(this, 'E-mail', 'Description mail');return false;\">zo_mi@ceramictiles.com<\/a> ili nas pozovite na: For exact offer, PLS send us quantity and product you need with delivery address..<\/p>\n<p>Technical description: <br \/> F 29,5&#215;29,5 <br \/>Primary White Natural ; Primary Grey Natural ; Primary Black Natural ; Primary Ivory Natural ; Primary Beige Natural ; Primary Vison Natural ; Primary Ambar Natural ; Primary Red Natural ; Primary Green Natural ; Primary Cobalto N<\/p>\n","protected":false},"excerpt":{"rendered":"<p>Ova plo\u010dica je debela 10 mm i zato je izuzetno izdr\u017eljiva. Veli\u010dina plo\u010dice je 30&#215;30 cm i odli\u010dna je za razli\u010dite povr\u0161ine. Plo\u010dice be\u017e boje, su letos izuzetno tre\u017eene. Ove plo\u010dice dolaze od proizvo\u0111a\u010da Aparici, iz \u0160panije. Kliknite na ime serije za sve plo\u010dice u toj seriji: Aparici Primary Da bi naru\u010dili model iz PDF [&hellip;]<\/p>\n","protected":false},"featured_media":93464,"template":"","meta":[],"product_cat":[999773,200,240,260,999],"product_tag":[],"_links":{"self":[{"href":"https:\/\/www.keramika.com\/srbija\/wp-json\/wp\/v2\/product\/93463"}],"collection":[{"href":"https:\/\/www.keramika.com\/srbija\/wp-json\/wp\/v2\/product"}],"about":[{"href":"https:\/\/www.keramika.com\/srbija\/wp-json\/wp\/v2\/types\/product"}],"wp:featuredmedia":[{"embeddable":true,"href":"https:\/\/www.keramika.com\/srbija\/wp-json\/wp\/v2\/media\/93464"}],"wp:attachment":[{"href":"https:\/\/www.keramika.com\/srbija\/wp-json\/wp\/v2\/media?parent=93463"}],"wp:term":[{"taxonomy":"product_cat","embeddable":true,"href":"https:\/\/www.keramika.com\/srbija\/wp-json\/wp\/v2\/product_cat?post=93463"},{"taxonomy":"product_tag","embeddable":true,"href":"https:\/\/www.keramika.com\/srbija\/wp-json\/wp\/v2\/product_tag?post=93463"}],"curies":[{"name":"wp","href":"https:\/\/api.w.org\/{rel}","templated":true}]}}