{"id":93457,"date":"2017-07-02T04:41:44","date_gmt":"2017-07-02T04:41:44","guid":{"rendered":"http:\/\/www.ceramictiles.com\/srbija\/product\/podne-i-zidne-plocice-aparici-hd-novocemento\/"},"modified":"2017-07-02T04:41:44","modified_gmt":"2017-07-02T04:41:44","slug":"podne-i-zidne-plocice-aparici-hd-novocemento","status":"publish","type":"product","link":"https:\/\/www.keramika.com\/srbija\/podne-i-zidne-plocice-aparici-hd-novocemento\/","title":{"rendered":"Podne i zidne plo\u010dice Aparici HD\u00a0Novocemento"},"content":{"rendered":"<p>Aparici HD\u00a0Novocemento je proizvod iz \u0160panije te je izuzetno kvalitetna. Plo\u010dice braon boje osvje\u017eit \u0107e svaki prostor. Veli\u010dina plo\u010dice je 45&#215;90 cm i odli\u010dna je za razli\u010dite povr\u0161ine. Debljina plo\u010dice, je vrlo va\u017ena 11 mm i ubraja tu plo\u010dicu me\u0111u najkvalitetnije.<\/p>\n<p>Kliknite na ime serije za sve plo\u010dice u toj seriji: <a class=\"pdfcatal\" href=\"\/\/www.ceramictiles.com\/pdf\/aparici\/catalogue_aparici_novocemento.pdf\" onclick=\"recordOutboundLink(this, 'E-mail', 'Description PDF');return false;\">Aparici Novocemento<\/a><\/p>\n<p>Da bi naru\u010dili model iz PDF kataloga ove serije, molimo vas, da nas kontaktirate na: <a href=\"mailto:zo_mi@ceramictiles.com\" onclick=\"recordOutboundLink(this, 'E-mail', 'Description mail');return false;\">zo_mi@ceramictiles.com<\/a> ili nas pozovite na: For exact offer, PLS send us quantity and product you need with delivery address..<\/p>\n<p>Technical description: <br \/> W &#038; F 44,63&#215;89,46 ; 59,55&#215;59,55 ; 29,75&#215;59,55 <br \/>Novocemento Marfil ; Novocemento Gris ; Novocemento Brown ; Novocemento Negro ;<\/p>\n","protected":false},"excerpt":{"rendered":"<p>Aparici HD\u00a0Novocemento je proizvod iz \u0160panije te je izuzetno kvalitetna. Plo\u010dice braon boje osvje\u017eit \u0107e svaki prostor. Veli\u010dina plo\u010dice je 45&#215;90 cm i odli\u010dna je za razli\u010dite povr\u0161ine. Debljina plo\u010dice, je vrlo va\u017ena 11 mm i ubraja tu plo\u010dicu me\u0111u najkvalitetnije. Kliknite na ime serije za sve plo\u010dice u toj seriji: Aparici Novocemento Da bi [&hellip;]<\/p>\n","protected":false},"featured_media":93458,"template":"","meta":[],"product_cat":[999773,200,240,260,999,250],"product_tag":[],"_links":{"self":[{"href":"https:\/\/www.keramika.com\/srbija\/wp-json\/wp\/v2\/product\/93457"}],"collection":[{"href":"https:\/\/www.keramika.com\/srbija\/wp-json\/wp\/v2\/product"}],"about":[{"href":"https:\/\/www.keramika.com\/srbija\/wp-json\/wp\/v2\/types\/product"}],"wp:featuredmedia":[{"embeddable":true,"href":"https:\/\/www.keramika.com\/srbija\/wp-json\/wp\/v2\/media\/93458"}],"wp:attachment":[{"href":"https:\/\/www.keramika.com\/srbija\/wp-json\/wp\/v2\/media?parent=93457"}],"wp:term":[{"taxonomy":"product_cat","embeddable":true,"href":"https:\/\/www.keramika.com\/srbija\/wp-json\/wp\/v2\/product_cat?post=93457"},{"taxonomy":"product_tag","embeddable":true,"href":"https:\/\/www.keramika.com\/srbija\/wp-json\/wp\/v2\/product_tag?post=93457"}],"curies":[{"name":"wp","href":"https:\/\/api.w.org\/{rel}","templated":true}]}}