{"id":93445,"date":"2017-07-02T04:39:54","date_gmt":"2017-07-02T04:39:54","guid":{"rendered":"http:\/\/www.ceramictiles.com\/srbija\/product\/dekorativne-plocice-aparici-hd-kingdom\/"},"modified":"2017-07-02T04:39:54","modified_gmt":"2017-07-02T04:39:54","slug":"dekorativne-plocice-aparici-hd-kingdom","status":"publish","type":"product","link":"https:\/\/www.keramika.com\/srbija\/dekorativne-plocice-aparici-hd-kingdom\/","title":{"rendered":"Dekorativne plo\u010dice Aparici HD Kingdom"},"content":{"rendered":"<p>Plo\u010dice braon boje, su letos izuzetno tre\u017eene. Veli\u010dina 60&#215;60 cm je odli\u010dna za sve podloge. Plo\u010dica je debela 10 mm, \u0161to je ubraja u tvrde plo\u010dice. Aparici HD Kingdom je proizvod iz \u0160panije te je izuzetno kvalitetna.<\/p>\n<p>Kliknite na ime serije za sve plo\u010dice u toj seriji: <a class=\"pdfcatal\" href=\"\/\/www.ceramictiles.com\/pdf\/aparici\/catalogue_aparici_kingdom.pdf\" onclick=\"recordOutboundLink(this, 'E-mail', 'Description PDF');return false;\">Aparici Kingdom<\/a><\/p>\n<p>Da bi naru\u010dili model iz PDF kataloga ove serije, molimo vas, da nas kontaktirate na: <a href=\"mailto:zo_mi@ceramictiles.com\" onclick=\"recordOutboundLink(this, 'E-mail', 'Description mail');return false;\">zo_mi@ceramictiles.com<\/a> ili nas pozovite na: For exact offer, PLS send us quantity and product you need with delivery address..<\/p>\n<p>Technical description: <br \/> F 59,2&#215;59,2 ; 15,7&#215;59,2 <br \/>Kingdom Duke Stamp Natural ; Kingdom Baron Stamp Natural ; Kingdom Sir Stamp Natural ;<\/p>\n","protected":false},"excerpt":{"rendered":"<p>Plo\u010dice braon boje, su letos izuzetno tre\u017eene. Veli\u010dina 60&#215;60 cm je odli\u010dna za sve podloge. Plo\u010dica je debela 10 mm, \u0161to je ubraja u tvrde plo\u010dice. Aparici HD Kingdom je proizvod iz \u0160panije te je izuzetno kvalitetna. Kliknite na ime serije za sve plo\u010dice u toj seriji: Aparici Kingdom Da bi naru\u010dili model iz PDF [&hellip;]<\/p>\n","protected":false},"featured_media":93446,"template":"","meta":[],"product_cat":[999773,200,240,260,999],"product_tag":[],"_links":{"self":[{"href":"https:\/\/www.keramika.com\/srbija\/wp-json\/wp\/v2\/product\/93445"}],"collection":[{"href":"https:\/\/www.keramika.com\/srbija\/wp-json\/wp\/v2\/product"}],"about":[{"href":"https:\/\/www.keramika.com\/srbija\/wp-json\/wp\/v2\/types\/product"}],"wp:featuredmedia":[{"embeddable":true,"href":"https:\/\/www.keramika.com\/srbija\/wp-json\/wp\/v2\/media\/93446"}],"wp:attachment":[{"href":"https:\/\/www.keramika.com\/srbija\/wp-json\/wp\/v2\/media?parent=93445"}],"wp:term":[{"taxonomy":"product_cat","embeddable":true,"href":"https:\/\/www.keramika.com\/srbija\/wp-json\/wp\/v2\/product_cat?post=93445"},{"taxonomy":"product_tag","embeddable":true,"href":"https:\/\/www.keramika.com\/srbija\/wp-json\/wp\/v2\/product_tag?post=93445"}],"curies":[{"name":"wp","href":"https:\/\/api.w.org\/{rel}","templated":true}]}}