{"id":93431,"date":"2017-07-02T04:37:20","date_gmt":"2017-07-02T04:37:20","guid":{"rendered":"http:\/\/www.ceramictiles.com\/srbija\/product\/projekt-plocice-aparici-hd-harden\/"},"modified":"2017-07-02T04:37:20","modified_gmt":"2017-07-02T04:37:20","slug":"projekt-plocice-aparici-hd-harden","status":"publish","type":"product","link":"https:\/\/www.keramika.com\/srbija\/projekt-plocice-aparici-hd-harden\/","title":{"rendered":"Projekt plo\u010dice Aparici HD\u00a0Harden"},"content":{"rendered":"<p>Aparici HD\u00a0Harden dolazi iz \u0160panije, koja je poznata po vrlo visokoj kvaliteta keramike u svetu. Veli\u010dina 45&#215;90 cm je odli\u010dna za sve podloge. Keramika je prekrasne sive boje. U koliko \u017eelite neku drugu boju, pozovite nas i mi \u0107emo proveriti kod proizvo\u0111a\u010da. Ova plo\u010dica je debela 10 mm i zato je izuzetno izdr\u017eljiva.<\/p>\n<p>Kliknite na ime serije za sve plo\u010dice u toj seriji: <a class=\"pdfcatal\" href=\"\/\/www.ceramictiles.com\/pdf\/aparici\/catalogue_aparici_harden.pdf\" onclick=\"recordOutboundLink(this, 'E-mail', 'Description PDF');return false;\">Aparici Harden<\/a><\/p>\n<p>Da bi naru\u010dili model iz PDF kataloga ove serije, molimo vas, da nas kontaktirate na: <a href=\"mailto:zo_mi@ceramictiles.com\" onclick=\"recordOutboundLink(this, 'E-mail', 'Description mail');return false;\">zo_mi@ceramictiles.com<\/a> ili nas pozovite na: For exact offer, PLS send us quantity and product you need with delivery address..<\/p>\n<p>Technical description: <br \/> F 44,63&#215;89,46 <br \/>Harden Ivory ; Harden Grey ; Harden Vison ;<\/p>\n","protected":false},"excerpt":{"rendered":"<p>Aparici HD\u00a0Harden dolazi iz \u0160panije, koja je poznata po vrlo visokoj kvaliteta keramike u svetu. Veli\u010dina 45&#215;90 cm je odli\u010dna za sve podloge. Keramika je prekrasne sive boje. U koliko \u017eelite neku drugu boju, pozovite nas i mi \u0107emo proveriti kod proizvo\u0111a\u010da. Ova plo\u010dica je debela 10 mm i zato je izuzetno izdr\u017eljiva. Kliknite na [&hellip;]<\/p>\n","protected":false},"featured_media":93432,"template":"","meta":[],"product_cat":[999773,200,240,260,999,290],"product_tag":[],"_links":{"self":[{"href":"https:\/\/www.keramika.com\/srbija\/wp-json\/wp\/v2\/product\/93431"}],"collection":[{"href":"https:\/\/www.keramika.com\/srbija\/wp-json\/wp\/v2\/product"}],"about":[{"href":"https:\/\/www.keramika.com\/srbija\/wp-json\/wp\/v2\/types\/product"}],"wp:featuredmedia":[{"embeddable":true,"href":"https:\/\/www.keramika.com\/srbija\/wp-json\/wp\/v2\/media\/93432"}],"wp:attachment":[{"href":"https:\/\/www.keramika.com\/srbija\/wp-json\/wp\/v2\/media?parent=93431"}],"wp:term":[{"taxonomy":"product_cat","embeddable":true,"href":"https:\/\/www.keramika.com\/srbija\/wp-json\/wp\/v2\/product_cat?post=93431"},{"taxonomy":"product_tag","embeddable":true,"href":"https:\/\/www.keramika.com\/srbija\/wp-json\/wp\/v2\/product_tag?post=93431"}],"curies":[{"name":"wp","href":"https:\/\/api.w.org\/{rel}","templated":true}]}}