{"id":93419,"date":"2017-07-02T04:35:31","date_gmt":"2017-07-02T04:35:31","guid":{"rendered":"http:\/\/www.ceramictiles.com\/srbija\/product\/podne-porculan-plocice-aparici-hd-crema-marfil\/"},"modified":"2017-07-02T04:35:31","modified_gmt":"2017-07-02T04:35:31","slug":"podne-porculan-plocice-aparici-hd-crema-marfil","status":"publish","type":"product","link":"https:\/\/www.keramika.com\/srbija\/podne-porculan-plocice-aparici-hd-crema-marfil\/","title":{"rendered":"Podne porculan plo\u010dice Aparici HD Crema Marfil"},"content":{"rendered":"<p>Debljina 10 mm \u010dini plo\u010dicu vrlo izdr\u017eljivom i prijatnom na dodir. Dimenzije ovih plo\u010dica su 45&#215;45 cm. U izboru plo\u010dica braon boje, ne mo\u017eete pogre\u0161iti. Proizvodnja \u0160panije ,koja je poznata u svetu, kao jedana od najboljih proizvo\u0111a\u010da kerami\u010dkih plo\u010dica.<\/p>\n<p>Kliknite na ime serije za sve plo\u010dice u toj seriji: <a class=\"pdfcatal\" href=\"\/\/www.ceramictiles.com\/pdf\/aparici\/catalogue_aparici_crema_marfil.pdf\" onclick=\"recordOutboundLink(this, 'E-mail', 'Description PDF');return false;\">Aparici Crema Marfil<\/a><\/p>\n<p>Da bi naru\u010dili model iz PDF kataloga ove serije, molimo vas, da nas kontaktirate na: <a href=\"mailto:zo_mi@ceramictiles.com\" onclick=\"recordOutboundLink(this, 'E-mail', 'Description mail');return false;\">zo_mi@ceramictiles.com<\/a> ili nas pozovite na: For exact offer, PLS send us quantity and product you need with delivery address..<\/p>\n<p>Technical description: <br \/> F 44,63&#215;44,63 <br \/>Crema Marfil ;<\/p>\n","protected":false},"excerpt":{"rendered":"<p>Debljina 10 mm \u010dini plo\u010dicu vrlo izdr\u017eljivom i prijatnom na dodir. Dimenzije ovih plo\u010dica su 45&#215;45 cm. U izboru plo\u010dica braon boje, ne mo\u017eete pogre\u0161iti. Proizvodnja \u0160panije ,koja je poznata u svetu, kao jedana od najboljih proizvo\u0111a\u010da kerami\u010dkih plo\u010dica. Kliknite na ime serije za sve plo\u010dice u toj seriji: Aparici Crema Marfil Da bi naru\u010dili [&hellip;]<\/p>\n","protected":false},"featured_media":93420,"template":"","meta":[],"product_cat":[999773,200,240,260,999],"product_tag":[],"_links":{"self":[{"href":"https:\/\/www.keramika.com\/srbija\/wp-json\/wp\/v2\/product\/93419"}],"collection":[{"href":"https:\/\/www.keramika.com\/srbija\/wp-json\/wp\/v2\/product"}],"about":[{"href":"https:\/\/www.keramika.com\/srbija\/wp-json\/wp\/v2\/types\/product"}],"wp:featuredmedia":[{"embeddable":true,"href":"https:\/\/www.keramika.com\/srbija\/wp-json\/wp\/v2\/media\/93420"}],"wp:attachment":[{"href":"https:\/\/www.keramika.com\/srbija\/wp-json\/wp\/v2\/media?parent=93419"}],"wp:term":[{"taxonomy":"product_cat","embeddable":true,"href":"https:\/\/www.keramika.com\/srbija\/wp-json\/wp\/v2\/product_cat?post=93419"},{"taxonomy":"product_tag","embeddable":true,"href":"https:\/\/www.keramika.com\/srbija\/wp-json\/wp\/v2\/product_tag?post=93419"}],"curies":[{"name":"wp","href":"https:\/\/api.w.org\/{rel}","templated":true}]}}