{"id":93409,"date":"2017-07-02T04:33:51","date_gmt":"2017-07-02T04:33:51","guid":{"rendered":"http:\/\/www.ceramictiles.com\/srbija\/product\/plocice-za-dnevnu-sobu-aparici-hd-cayenne\/"},"modified":"2017-07-04T12:19:33","modified_gmt":"2017-07-04T12:19:33","slug":"plocice-za-dnevnu-sobu-aparici-hd-cayenne","status":"publish","type":"product","link":"https:\/\/www.keramika.com\/srbija\/plocice-za-dnevnu-sobu-aparici-hd-cayenne\/","title":{"rendered":"Plo\u010dice za dnevnu sobu Aparici HD Cayenne"},"content":{"rendered":"<p>Ova plo\u010dica je debela 10 mm i zato je izuzetno izdr\u017eljiva. Plo\u010dice be\u017e boje osvje\u017eit \u0107e svaki prostor. Plo\u010dica 45&#215;90 cm je dobra za ve\u0107 razli\u010ditih namena. Proizvodnja \u0160panije ,koja je poznata u svetu, kao jedana od najboljih proizvo\u0111a\u010da kerami\u010dkih plo\u010dica.<\/p>\n<p>Kliknite na ime serije za sve plo\u010dice u toj seriji: <a class=\"pdfcatal\" href=\"\/\/www.ceramictiles.com\/pdf\/aparici\/catalogue_aparici_cayenne.pdf\" onclick=\"recordOutboundLink(this, 'E-mail', 'Description PDF');return false;\">Aparici Cayenne<\/a><\/p>\n<p>Da bi naru\u010dili model iz PDF kataloga ove serije, molimo vas, da nas kontaktirate na: <a href=\"mailto:zo_mi@ceramictiles.com\" onclick=\"recordOutboundLink(this, 'E-mail', 'Description mail');return false;\">zo_mi@ceramictiles.com<\/a> ili nas pozovite na: For exact offer, PLS send us quantity and product you need with delivery address..<\/p>\n<p>Technical description: <br \/> F 44,63&#215;89,46 <br \/>Cayenne Ivory ; Cayenne Beige ; Cayenne Grey  ;<\/p>\n","protected":false},"excerpt":{"rendered":"<p>Ova plo\u010dica je debela 10 mm i zato je izuzetno izdr\u017eljiva. Plo\u010dice be\u017e boje osvje\u017eit \u0107e svaki prostor. Plo\u010dica 45&#215;90 cm je dobra za ve\u0107 razli\u010ditih namena. Proizvodnja \u0160panije ,koja je poznata u svetu, kao jedana od najboljih proizvo\u0111a\u010da kerami\u010dkih plo\u010dica. Kliknite na ime serije za sve plo\u010dice u toj seriji: Aparici Cayenne Da bi [&hellip;]<\/p>\n","protected":false},"featured_media":93410,"template":"","meta":[],"product_cat":[999773,200,240,260,999],"product_tag":[99950097],"_links":{"self":[{"href":"https:\/\/www.keramika.com\/srbija\/wp-json\/wp\/v2\/product\/93409"}],"collection":[{"href":"https:\/\/www.keramika.com\/srbija\/wp-json\/wp\/v2\/product"}],"about":[{"href":"https:\/\/www.keramika.com\/srbija\/wp-json\/wp\/v2\/types\/product"}],"wp:featuredmedia":[{"embeddable":true,"href":"https:\/\/www.keramika.com\/srbija\/wp-json\/wp\/v2\/media\/93410"}],"wp:attachment":[{"href":"https:\/\/www.keramika.com\/srbija\/wp-json\/wp\/v2\/media?parent=93409"}],"wp:term":[{"taxonomy":"product_cat","embeddable":true,"href":"https:\/\/www.keramika.com\/srbija\/wp-json\/wp\/v2\/product_cat?post=93409"},{"taxonomy":"product_tag","embeddable":true,"href":"https:\/\/www.keramika.com\/srbija\/wp-json\/wp\/v2\/product_tag?post=93409"}],"curies":[{"name":"wp","href":"https:\/\/api.w.org\/{rel}","templated":true}]}}