{"id":93403,"date":"2017-07-02T04:32:52","date_gmt":"2017-07-02T04:32:52","guid":{"rendered":"http:\/\/www.ceramictiles.com\/srbija\/product\/porcelan-plocice-aparici-hd-bursa\/"},"modified":"2017-07-02T04:32:52","modified_gmt":"2017-07-02T04:32:52","slug":"porcelan-plocice-aparici-hd-bursa","status":"publish","type":"product","link":"https:\/\/www.keramika.com\/srbija\/porcelan-plocice-aparici-hd-bursa\/","title":{"rendered":"Porcelan plo\u010dice Aparici HD Bursa"},"content":{"rendered":"<p>Plo\u010dica na sliki je 30&#215;90 cm. Aparici HD Bursa dolazi iz \u0160panije, koja je poznata po vrlo visokoj kvaliteta keramike u svetu. Plo\u010dice braon boje osvje\u017eit \u0107e svaki prostor. Ova plo\u010dica je debela 7 mm i zato je izuzetno izdr\u017eljiva.<\/p>\n<p>Kliknite na ime serije za sve plo\u010dice u toj seriji: <a class=\"pdfcatal\" href=\"\/\/www.ceramictiles.com\/pdf\/aparici\/catalogue_aparici_bursa.pdf\" onclick=\"recordOutboundLink(this, 'E-mail', 'Description PDF');return false;\">Aparici Bursa<\/a><\/p>\n<p>Da bi naru\u010dili model iz PDF kataloga ove serije, molimo vas, da nas kontaktirate na: <a href=\"mailto:zo_mi@ceramictiles.com\" onclick=\"recordOutboundLink(this, 'E-mail', 'Description mail');return false;\">zo_mi@ceramictiles.com<\/a> ili nas pozovite na: For exact offer, PLS send us quantity and product you need with delivery address..<\/p>\n<p>Technical description: <br \/> W &#038; F 29,75&#215;89,46 ; 59,55&#215;59,55 <br \/>Bursa Brown ;<\/p>\n","protected":false},"excerpt":{"rendered":"<p>Plo\u010dica na sliki je 30&#215;90 cm. Aparici HD Bursa dolazi iz \u0160panije, koja je poznata po vrlo visokoj kvaliteta keramike u svetu. Plo\u010dice braon boje osvje\u017eit \u0107e svaki prostor. Ova plo\u010dica je debela 7 mm i zato je izuzetno izdr\u017eljiva. Kliknite na ime serije za sve plo\u010dice u toj seriji: Aparici Bursa Da bi naru\u010dili [&hellip;]<\/p>\n","protected":false},"featured_media":93404,"template":"","meta":[],"product_cat":[999773,200,240,260,999,250],"product_tag":[],"_links":{"self":[{"href":"https:\/\/www.keramika.com\/srbija\/wp-json\/wp\/v2\/product\/93403"}],"collection":[{"href":"https:\/\/www.keramika.com\/srbija\/wp-json\/wp\/v2\/product"}],"about":[{"href":"https:\/\/www.keramika.com\/srbija\/wp-json\/wp\/v2\/types\/product"}],"wp:featuredmedia":[{"embeddable":true,"href":"https:\/\/www.keramika.com\/srbija\/wp-json\/wp\/v2\/media\/93404"}],"wp:attachment":[{"href":"https:\/\/www.keramika.com\/srbija\/wp-json\/wp\/v2\/media?parent=93403"}],"wp:term":[{"taxonomy":"product_cat","embeddable":true,"href":"https:\/\/www.keramika.com\/srbija\/wp-json\/wp\/v2\/product_cat?post=93403"},{"taxonomy":"product_tag","embeddable":true,"href":"https:\/\/www.keramika.com\/srbija\/wp-json\/wp\/v2\/product_tag?post=93403"}],"curies":[{"name":"wp","href":"https:\/\/api.w.org\/{rel}","templated":true}]}}