{"id":93395,"date":"2017-07-02T04:31:40","date_gmt":"2017-07-02T04:31:40","guid":{"rendered":"http:\/\/www.ceramictiles.com\/srbija\/product\/keramika-imitacija-drveta-aparici-hd-autumn\/"},"modified":"2017-07-04T12:01:08","modified_gmt":"2017-07-04T12:01:08","slug":"keramika-imitacija-drveta-aparici-hd-autumn","status":"publish","type":"product","link":"https:\/\/www.keramika.com\/srbija\/keramika-imitacija-drveta-aparici-hd-autumn\/","title":{"rendered":"Keramika imitacija drveta Aparici HD\u00a0Autumn"},"content":{"rendered":"<p>Plo\u010dica je debela 11 mm, \u0161to je ubraja u tvrde plo\u010dice. Veli\u010dina plo\u010dice je 45&#215;90 cm i odli\u010dna je za razli\u010dite povr\u0161ine. Plo\u010dice braon boje, su letos izuzetno tre\u017eene. Ove plo\u010dice dolaze od proizvo\u0111a\u010da Aparici, iz \u0160panije.<\/p>\n<p>Kliknite na ime serije za sve plo\u010dice u toj seriji: <a class=\"pdfcatal\" href=\"\/\/www.ceramictiles.com\/pdf\/aparici\/catalogue_aparici_autumn.pdf\" onclick=\"recordOutboundLink(this, 'E-mail', 'Description PDF');return false;\">Aparici Autumn<\/a><\/p>\n<p>Da bi naru\u010dili model iz PDF kataloga ove serije, molimo vas, da nas kontaktirate na: <a href=\"mailto:zo_mi@ceramictiles.com\" onclick=\"recordOutboundLink(this, 'E-mail', 'Description mail');return false;\">zo_mi@ceramictiles.com<\/a> ili nas pozovite na: For exact offer, PLS send us quantity and product you need with delivery address..<\/p>\n<p>Technical description: <br \/> F 44,63&#215;89,46 ; 22,21&#215;89,46 <br \/>Autumn Arce ; Autumn Fresno ; Autumn Roble ; Autumn Arce Exterior ; Autumn Teca Exterior ;<\/p>\n","protected":false},"excerpt":{"rendered":"<p>Plo\u010dica je debela 11 mm, \u0161to je ubraja u tvrde plo\u010dice. Veli\u010dina plo\u010dice je 45&#215;90 cm i odli\u010dna je za razli\u010dite povr\u0161ine. Plo\u010dice braon boje, su letos izuzetno tre\u017eene. Ove plo\u010dice dolaze od proizvo\u0111a\u010da Aparici, iz \u0160panije. Kliknite na ime serije za sve plo\u010dice u toj seriji: Aparici Autumn Da bi naru\u010dili model iz PDF [&hellip;]<\/p>\n","protected":false},"featured_media":93396,"template":"","meta":[],"product_cat":[999773,200,240,260,999,270],"product_tag":[99950095],"_links":{"self":[{"href":"https:\/\/www.keramika.com\/srbija\/wp-json\/wp\/v2\/product\/93395"}],"collection":[{"href":"https:\/\/www.keramika.com\/srbija\/wp-json\/wp\/v2\/product"}],"about":[{"href":"https:\/\/www.keramika.com\/srbija\/wp-json\/wp\/v2\/types\/product"}],"wp:featuredmedia":[{"embeddable":true,"href":"https:\/\/www.keramika.com\/srbija\/wp-json\/wp\/v2\/media\/93396"}],"wp:attachment":[{"href":"https:\/\/www.keramika.com\/srbija\/wp-json\/wp\/v2\/media?parent=93395"}],"wp:term":[{"taxonomy":"product_cat","embeddable":true,"href":"https:\/\/www.keramika.com\/srbija\/wp-json\/wp\/v2\/product_cat?post=93395"},{"taxonomy":"product_tag","embeddable":true,"href":"https:\/\/www.keramika.com\/srbija\/wp-json\/wp\/v2\/product_tag?post=93395"}],"curies":[{"name":"wp","href":"https:\/\/api.w.org\/{rel}","templated":true}]}}