{"id":93393,"date":"2017-07-02T04:31:21","date_gmt":"2017-07-02T04:31:21","guid":{"rendered":"http:\/\/www.ceramictiles.com\/srbija\/product\/porcelan-plocice-aparici-hd-aura\/"},"modified":"2017-07-02T04:31:21","modified_gmt":"2017-07-02T04:31:21","slug":"porcelan-plocice-aparici-hd-aura","status":"publish","type":"product","link":"https:\/\/www.keramika.com\/srbija\/porcelan-plocice-aparici-hd-aura\/","title":{"rendered":"Porcelan plo\u010dice Aparici HD\u00a0Aura"},"content":{"rendered":"<p>Ove braon kerami\u010dke plo\u010dice, obogatit \u0107e svaki prostor. Plo\u010dica na sliki je 60&#215;120 cm. Debljina plo\u010dice, je vrlo va\u017ena 11 mm i ubraja tu plo\u010dicu me\u0111u najkvalitetnije. Aparici HD\u00a0Aura dolazi iz \u0160panije, koja je poznata po vrlo visokoj kvaliteta keramike u svetu.<\/p>\n<p>Kliknite na ime serije za sve plo\u010dice u toj seriji: <a class=\"pdfcatal\" href=\"\/\/www.ceramictiles.com\/pdf\/aparici\/catalogue_aparici_aura.pdf\" onclick=\"recordOutboundLink(this, 'E-mail', 'Description PDF');return false;\">Aparici Aura<\/a><\/p>\n<p>Da bi naru\u010dili model iz PDF kataloga ove serije, molimo vas, da nas kontaktirate na: <a href=\"mailto:zo_mi@ceramictiles.com\" onclick=\"recordOutboundLink(this, 'E-mail', 'Description mail');return false;\">zo_mi@ceramictiles.com<\/a> ili nas pozovite na: For exact offer, PLS send us quantity and product you need with delivery address..<\/p>\n<p>Technical description: <br \/> W &#038; F 59,55&#215;119,3 <br \/>Aura Ambar ; Aura Grey ;<\/p>\n","protected":false},"excerpt":{"rendered":"<p>Ove braon kerami\u010dke plo\u010dice, obogatit \u0107e svaki prostor. Plo\u010dica na sliki je 60&#215;120 cm. Debljina plo\u010dice, je vrlo va\u017ena 11 mm i ubraja tu plo\u010dicu me\u0111u najkvalitetnije. Aparici HD\u00a0Aura dolazi iz \u0160panije, koja je poznata po vrlo visokoj kvaliteta keramike u svetu. Kliknite na ime serije za sve plo\u010dice u toj seriji: Aparici Aura Da [&hellip;]<\/p>\n","protected":false},"featured_media":93394,"template":"","meta":[],"product_cat":[999773,200,240,260,999,250],"product_tag":[],"_links":{"self":[{"href":"https:\/\/www.keramika.com\/srbija\/wp-json\/wp\/v2\/product\/93393"}],"collection":[{"href":"https:\/\/www.keramika.com\/srbija\/wp-json\/wp\/v2\/product"}],"about":[{"href":"https:\/\/www.keramika.com\/srbija\/wp-json\/wp\/v2\/types\/product"}],"wp:featuredmedia":[{"embeddable":true,"href":"https:\/\/www.keramika.com\/srbija\/wp-json\/wp\/v2\/media\/93394"}],"wp:attachment":[{"href":"https:\/\/www.keramika.com\/srbija\/wp-json\/wp\/v2\/media?parent=93393"}],"wp:term":[{"taxonomy":"product_cat","embeddable":true,"href":"https:\/\/www.keramika.com\/srbija\/wp-json\/wp\/v2\/product_cat?post=93393"},{"taxonomy":"product_tag","embeddable":true,"href":"https:\/\/www.keramika.com\/srbija\/wp-json\/wp\/v2\/product_tag?post=93393"}],"curies":[{"name":"wp","href":"https:\/\/api.w.org\/{rel}","templated":true}]}}