{"id":93391,"date":"2017-07-02T04:31:04","date_gmt":"2017-07-02T04:31:04","guid":{"rendered":"http:\/\/www.ceramictiles.com\/srbija\/product\/plocice-za-dnevnu-sobu-aparici-hd-agora\/"},"modified":"2017-07-04T12:19:36","modified_gmt":"2017-07-04T12:19:36","slug":"plocice-za-dnevnu-sobu-aparici-hd-agora","status":"publish","type":"product","link":"https:\/\/www.keramika.com\/srbija\/plocice-za-dnevnu-sobu-aparici-hd-agora\/","title":{"rendered":"Plo\u010dice za dnevnu sobu Aparici HD Agora"},"content":{"rendered":"<p>Plo\u010dice be\u017e boje, su letos izuzetno tre\u017eene. Plo\u010dica je debela 10 mm, \u0161to je ubraja u tvrde plo\u010dice. \u0160irina i du\u017eina plo\u010dice su 60&#215;60 cm. plo\u010dica proizvo\u0111a\u010da Aparici iz \u0160panije.<\/p>\n<p>Kliknite na ime serije za sve plo\u010dice u toj seriji: <a class=\"pdfcatal\" href=\"\/\/www.ceramictiles.com\/pdf\/aparici\/catalogue_aparici_agora.pdf\" onclick=\"recordOutboundLink(this, 'E-mail', 'Description PDF');return false;\">Aparici Agora<\/a><\/p>\n<p>Da bi naru\u010dili model iz PDF kataloga ove serije, molimo vas, da nas kontaktirate na: <a href=\"mailto:zo_mi@ceramictiles.com\" onclick=\"recordOutboundLink(this, 'E-mail', 'Description mail');return false;\">zo_mi@ceramictiles.com<\/a> ili nas pozovite na: For exact offer, PLS send us quantity and product you need with delivery address..<\/p>\n<p>Technical description: <br \/> F 59,55&#215;59,55 ; 29,75&#215;59,55 <br \/>Agora Beige ; Agora Multicolor ;<\/p>\n","protected":false},"excerpt":{"rendered":"<p>Plo\u010dice be\u017e boje, su letos izuzetno tre\u017eene. Plo\u010dica je debela 10 mm, \u0161to je ubraja u tvrde plo\u010dice. \u0160irina i du\u017eina plo\u010dice su 60&#215;60 cm. plo\u010dica proizvo\u0111a\u010da Aparici iz \u0160panije. Kliknite na ime serije za sve plo\u010dice u toj seriji: Aparici Agora Da bi naru\u010dili model iz PDF kataloga ove serije, molimo vas, da nas [&hellip;]<\/p>\n","protected":false},"featured_media":93392,"template":"","meta":[],"product_cat":[999773,200,240,260,999],"product_tag":[99950097],"_links":{"self":[{"href":"https:\/\/www.keramika.com\/srbija\/wp-json\/wp\/v2\/product\/93391"}],"collection":[{"href":"https:\/\/www.keramika.com\/srbija\/wp-json\/wp\/v2\/product"}],"about":[{"href":"https:\/\/www.keramika.com\/srbija\/wp-json\/wp\/v2\/types\/product"}],"wp:featuredmedia":[{"embeddable":true,"href":"https:\/\/www.keramika.com\/srbija\/wp-json\/wp\/v2\/media\/93392"}],"wp:attachment":[{"href":"https:\/\/www.keramika.com\/srbija\/wp-json\/wp\/v2\/media?parent=93391"}],"wp:term":[{"taxonomy":"product_cat","embeddable":true,"href":"https:\/\/www.keramika.com\/srbija\/wp-json\/wp\/v2\/product_cat?post=93391"},{"taxonomy":"product_tag","embeddable":true,"href":"https:\/\/www.keramika.com\/srbija\/wp-json\/wp\/v2\/product_tag?post=93391"}],"curies":[{"name":"wp","href":"https:\/\/api.w.org\/{rel}","templated":true}]}}