{"id":93317,"date":"2017-07-02T04:22:07","date_gmt":"2017-07-02T04:22:07","guid":{"rendered":"http:\/\/www.ceramictiles.com\/srbija\/product\/podne-porculanske-plocice-halcon-tecno\/"},"modified":"2026-01-03T00:01:09","modified_gmt":"2026-01-03T00:01:09","slug":"podne-porculanske-plocice-halcon-tecno","status":"publish","type":"product","link":"https:\/\/www.keramika.com\/srbija\/podne-porculanske-plocice-halcon-tecno\/","title":{"rendered":"Podne porculanske plo\u010dice Halcon Tecno"},"content":{"rendered":"<p>Halcon Tecno dolazi iz \u0160panije, koja je poznata po vrlo visokoj kvaliteta keramike u svetu. Veli\u010dina plo\u010dice je 40,5&#215;60,8 cm i odli\u010dna je za razli\u010dite povr\u0161ine. Online cena je samo 2104,5 RSD, dok redovna, maloprodajna cena 2631,2 RSD. Ova plo\u010dica je debela 9 mm i zato je izuzetno izdr\u017eljiva. Keramika je prekrasne sive boje. U koliko \u017eelite neku drugu boju, pozovite nas i mi \u0107emo proveriti kod proizvo\u0111a\u010da.<\/p>\n<p>Kliknite na ime serije za sve plo\u010dice u toj seriji: <a class=\"pdfcatal\" href=\"\/\/www.ceramictiles.com\/pdf\/halcon\/catalogue_halcon_tecno.pdf\" onclick=\"recordOutboundLink(this, 'E-mail', 'Description PDF');return false;\">Halcon Ceramicas Tecno<\/a><\/p>\n<p>Da bi naru\u010dili model iz PDF kataloga ove serije, molimo vas, da nas kontaktirate na: <a href=\"mailto:zo_mi@ceramictiles.com\" onclick=\"recordOutboundLink(this, 'E-mail', 'Description mail');return false;\">zo_mi@ceramictiles.com<\/a> ili nas pozovite na: For exact offer, PLS send us quantity and product you need with delivery address..<\/p>\n<p>Technical description: <br \/> F 56,5&#215;56,5 ; 40,5&#215;60,8 ; 44&#215;44 <br \/>Tecno Gris ; Tecno Grafito ; Tecno Taupe ;<\/p>\n","protected":false},"excerpt":{"rendered":"<p>Halcon Tecno dolazi iz \u0160panije, koja je poznata po vrlo visokoj kvaliteta keramike u svetu. Veli\u010dina plo\u010dice je 40,5&#215;60,8 cm i odli\u010dna je za razli\u010dite povr\u0161ine. Online cena je samo 2104,5 RSD, dok redovna, maloprodajna cena 2631,2 RSD. Ova plo\u010dica je debela 9 mm i zato je izuzetno izdr\u017eljiva. Keramika je prekrasne sive boje. U [&hellip;]<\/p>\n","protected":false},"featured_media":93318,"template":"","meta":[],"product_cat":[210,99946,200,240,260,999,270],"product_tag":[],"_links":{"self":[{"href":"https:\/\/www.keramika.com\/srbija\/wp-json\/wp\/v2\/product\/93317"}],"collection":[{"href":"https:\/\/www.keramika.com\/srbija\/wp-json\/wp\/v2\/product"}],"about":[{"href":"https:\/\/www.keramika.com\/srbija\/wp-json\/wp\/v2\/types\/product"}],"wp:featuredmedia":[{"embeddable":true,"href":"https:\/\/www.keramika.com\/srbija\/wp-json\/wp\/v2\/media\/93318"}],"wp:attachment":[{"href":"https:\/\/www.keramika.com\/srbija\/wp-json\/wp\/v2\/media?parent=93317"}],"wp:term":[{"taxonomy":"product_cat","embeddable":true,"href":"https:\/\/www.keramika.com\/srbija\/wp-json\/wp\/v2\/product_cat?post=93317"},{"taxonomy":"product_tag","embeddable":true,"href":"https:\/\/www.keramika.com\/srbija\/wp-json\/wp\/v2\/product_tag?post=93317"}],"curies":[{"name":"wp","href":"https:\/\/api.w.org\/{rel}","templated":true}]}}