{"id":93311,"date":"2017-07-02T04:21:16","date_gmt":"2017-07-02T04:21:16","guid":{"rendered":"http:\/\/www.ceramictiles.com\/srbija\/product\/plocice-za-kupatilo-halcon-atmosfera\/"},"modified":"2026-01-03T00:01:08","modified_gmt":"2026-01-03T00:01:08","slug":"plocice-za-kupatilo-halcon-atmosfera","status":"publish","type":"product","link":"https:\/\/www.keramika.com\/srbija\/plocice-za-kupatilo-halcon-atmosfera\/","title":{"rendered":"Plo\u010dice za kupatilo Halcon Atmosfera"},"content":{"rendered":"<p>Halcon Atmosfera dolazi iz \u0160panije, koja je poznata po vrlo visokoj kvaliteta keramike u svetu. Halcon Atmosfera je dostupna po vrlo povoljnim cenama 2104,5 RSD. \u0160irina i du\u017eina plo\u010dice su 24,2&#215;68,5 cm. Ova plo\u010dica je debela 9 mm i zato je izuzetno izdr\u017eljiva. Izuzetno moderne plo\u010dice plave boje, osve\u017eit \u0107e svaki prostor.<\/p>\n<p>Kliknite na ime serije za sve plo\u010dice u toj seriji: <a class=\"pdfcatal\" href=\"\/\/www.ceramictiles.com\/pdf\/halcon\/catalogue_halcon_atmosfera.pdf\" onclick=\"recordOutboundLink(this, 'E-mail', 'Description PDF');return false;\">Halcon Ceramicas Atmosfera<\/a><\/p>\n<p>Da bi naru\u010dili model iz PDF kataloga ove serije, molimo vas, da nas kontaktirate na: <a href=\"mailto:zo_mi@ceramictiles.com\" onclick=\"recordOutboundLink(this, 'E-mail', 'Description mail');return false;\">zo_mi@ceramictiles.com<\/a> ili nas pozovite na: For exact offer, PLS send us quantity and product you need with delivery address..<\/p>\n<p>Technical description: <br \/> W 24,2&#215;68,5 <br \/>Atmosfera Crema ; Atmosfera Silueta Crema ; Atmosfera Beige ; Atmosfera Silueta Beige ; Atmosfera Perla ; Atmosfera Silueta Perla ; Atmosfera Gris ; Atmosfera Silueta Gris ; Atmosfera Lila ; Atmosfera Silueta Lila ; Atmosfera Azul ; Atmosfera Silueta Azul ;<\/p>\n","protected":false},"excerpt":{"rendered":"<p>Halcon Atmosfera dolazi iz \u0160panije, koja je poznata po vrlo visokoj kvaliteta keramike u svetu. Halcon Atmosfera je dostupna po vrlo povoljnim cenama 2104,5 RSD. \u0160irina i du\u017eina plo\u010dice su 24,2&#215;68,5 cm. Ova plo\u010dica je debela 9 mm i zato je izuzetno izdr\u017eljiva. Izuzetno moderne plo\u010dice plave boje, osve\u017eit \u0107e svaki prostor. Kliknite na ime [&hellip;]<\/p>\n","protected":false},"featured_media":93312,"template":"","meta":[],"product_cat":[210,99946,200,220,999,250],"product_tag":[],"_links":{"self":[{"href":"https:\/\/www.keramika.com\/srbija\/wp-json\/wp\/v2\/product\/93311"}],"collection":[{"href":"https:\/\/www.keramika.com\/srbija\/wp-json\/wp\/v2\/product"}],"about":[{"href":"https:\/\/www.keramika.com\/srbija\/wp-json\/wp\/v2\/types\/product"}],"wp:featuredmedia":[{"embeddable":true,"href":"https:\/\/www.keramika.com\/srbija\/wp-json\/wp\/v2\/media\/93312"}],"wp:attachment":[{"href":"https:\/\/www.keramika.com\/srbija\/wp-json\/wp\/v2\/media?parent=93311"}],"wp:term":[{"taxonomy":"product_cat","embeddable":true,"href":"https:\/\/www.keramika.com\/srbija\/wp-json\/wp\/v2\/product_cat?post=93311"},{"taxonomy":"product_tag","embeddable":true,"href":"https:\/\/www.keramika.com\/srbija\/wp-json\/wp\/v2\/product_tag?post=93311"}],"curies":[{"name":"wp","href":"https:\/\/api.w.org\/{rel}","templated":true}]}}