{"id":93301,"date":"2017-07-02T04:19:52","date_gmt":"2017-07-02T04:19:52","guid":{"rendered":"http:\/\/www.ceramictiles.com\/srbija\/product\/plocice-cicogres-sofia-beige\/"},"modified":"2026-01-03T00:01:07","modified_gmt":"2026-01-03T00:01:07","slug":"plocice-cicogres-sofia-beige","status":"publish","type":"product","link":"https:\/\/www.keramika.com\/srbija\/plocice-cicogres-sofia-beige\/","title":{"rendered":"Plo\u010dice Cicogres Sofia Beige"},"content":{"rendered":"<p>Dimenzije ovih plo\u010dica su 33,3&#215;33,3 cm. Plo\u010dice dolaze iz \u0160panije, koja je poznata po kvalitetnoj keramiki. Debljina 9 mm \u010dini plo\u010dicu vrlo izdr\u017eljivom i prijatnom na dodir. U izboru plo\u010dica be\u017e boje, ne mo\u017eete pogre\u0161iti. 1850,35 RSD je redovna prodajna cena keramike, tu pa samo 1481,2 RSD.<\/p>\n<p>Kliknite na ime serije za sve plo\u010dice u toj seriji: <a class=\"pdfcatal\" href=\"\/\/www.ceramictiles.com\/pdf\/cicogres\/catalogue_cicogres_sofia.pdf\" onclick=\"recordOutboundLink(this, 'E-mail', 'Description PDF');return false;\">Cicogres Sofia<\/a><\/p>\n<p>Da bi naru\u010dili model iz PDF kataloga ove serije, molimo vas, da nas kontaktirate na: <a href=\"mailto:zo_mi@ceramictiles.com\" onclick=\"recordOutboundLink(this, 'E-mail', 'Description mail');return false;\">zo_mi@ceramictiles.com<\/a> ili nas pozovite na: For exact offer, PLS send us quantity and product you need with delivery address..<\/p>\n<p>Technical description: <br \/> F 33,3&#215;33,3 <br \/>Sof\u00eda ; Sof\u00eda Beige ;<\/p>\n","protected":false},"excerpt":{"rendered":"<p>Dimenzije ovih plo\u010dica su 33,3&#215;33,3 cm. Plo\u010dice dolaze iz \u0160panije, koja je poznata po kvalitetnoj keramiki. Debljina 9 mm \u010dini plo\u010dicu vrlo izdr\u017eljivom i prijatnom na dodir. U izboru plo\u010dica be\u017e boje, ne mo\u017eete pogre\u0161iti. 1850,35 RSD je redovna prodajna cena keramike, tu pa samo 1481,2 RSD. Kliknite na ime serije za sve plo\u010dice u [&hellip;]<\/p>\n","protected":false},"featured_media":93302,"template":"","meta":[],"product_cat":[999964,200,230,240,999],"product_tag":[],"_links":{"self":[{"href":"https:\/\/www.keramika.com\/srbija\/wp-json\/wp\/v2\/product\/93301"}],"collection":[{"href":"https:\/\/www.keramika.com\/srbija\/wp-json\/wp\/v2\/product"}],"about":[{"href":"https:\/\/www.keramika.com\/srbija\/wp-json\/wp\/v2\/types\/product"}],"wp:featuredmedia":[{"embeddable":true,"href":"https:\/\/www.keramika.com\/srbija\/wp-json\/wp\/v2\/media\/93302"}],"wp:attachment":[{"href":"https:\/\/www.keramika.com\/srbija\/wp-json\/wp\/v2\/media?parent=93301"}],"wp:term":[{"taxonomy":"product_cat","embeddable":true,"href":"https:\/\/www.keramika.com\/srbija\/wp-json\/wp\/v2\/product_cat?post=93301"},{"taxonomy":"product_tag","embeddable":true,"href":"https:\/\/www.keramika.com\/srbija\/wp-json\/wp\/v2\/product_tag?post=93301"}],"curies":[{"name":"wp","href":"https:\/\/api.w.org\/{rel}","templated":true}]}}