{"id":93287,"date":"2017-07-02T04:17:49","date_gmt":"2017-07-02T04:17:49","guid":{"rendered":"http:\/\/www.ceramictiles.com\/srbija\/product\/plocice-za-kupatilo-cicogres-flash-rojo\/"},"modified":"2026-01-03T00:01:05","modified_gmt":"2026-01-03T00:01:05","slug":"plocice-za-kupatilo-cicogres-flash-rojo","status":"publish","type":"product","link":"https:\/\/www.keramika.com\/srbija\/plocice-za-kupatilo-cicogres-flash-rojo\/","title":{"rendered":"Plo\u010dice za kupatilo Cicogres Flash Rojo"},"content":{"rendered":"<p>plo\u010dica proizvo\u0111a\u010da Cicogres iz \u0160panije. Ova plo\u010dica je debela 9 mm i zato je izuzetno izdr\u017eljiva. Online cena je samo 2070 RSD, dok redovna, maloprodajna cena 2587,5 RSD. Veli\u010dina plo\u010dice je 60&#215;30 cm i odli\u010dna je za razli\u010dite povr\u0161ine. U izboru plo\u010dica crvene boje, ne mo\u017eete pogre\u0161iti.<\/p>\n<p>Kliknite na ime serije za sve plo\u010dice u toj seriji: <a class=\"pdfcatal\" href=\"\/\/www.ceramictiles.com\/pdf\/cicogres\/catalogue_cicogres_flash.pdf\" onclick=\"recordOutboundLink(this, 'E-mail', 'Description PDF');return false;\">Cicogres Flash<\/a><\/p>\n<p>Da bi naru\u010dili model iz PDF kataloga ove serije, molimo vas, da nas kontaktirate na: <a href=\"mailto:zo_mi@ceramictiles.com\" onclick=\"recordOutboundLink(this, 'E-mail', 'Description mail');return false;\">zo_mi@ceramictiles.com<\/a> ili nas pozovite na: For exact offer, PLS send us quantity and product you need with delivery address..<\/p>\n<p>Technical description: <br \/> W 60&#215;31,6 <br \/>Flash Negro ; Flash Blanco ; Flash Azul ; Flash Lila ; Flash Rojo ;<\/p>\n","protected":false},"excerpt":{"rendered":"<p>plo\u010dica proizvo\u0111a\u010da Cicogres iz \u0160panije. Ova plo\u010dica je debela 9 mm i zato je izuzetno izdr\u017eljiva. Online cena je samo 2070 RSD, dok redovna, maloprodajna cena 2587,5 RSD. Veli\u010dina plo\u010dice je 60&#215;30 cm i odli\u010dna je za razli\u010dite povr\u0161ine. U izboru plo\u010dica crvene boje, ne mo\u017eete pogre\u0161iti. Kliknite na ime serije za sve plo\u010dice u [&hellip;]<\/p>\n","protected":false},"featured_media":93288,"template":"","meta":[],"product_cat":[999964,200,220,999,250],"product_tag":[],"_links":{"self":[{"href":"https:\/\/www.keramika.com\/srbija\/wp-json\/wp\/v2\/product\/93287"}],"collection":[{"href":"https:\/\/www.keramika.com\/srbija\/wp-json\/wp\/v2\/product"}],"about":[{"href":"https:\/\/www.keramika.com\/srbija\/wp-json\/wp\/v2\/types\/product"}],"wp:featuredmedia":[{"embeddable":true,"href":"https:\/\/www.keramika.com\/srbija\/wp-json\/wp\/v2\/media\/93288"}],"wp:attachment":[{"href":"https:\/\/www.keramika.com\/srbija\/wp-json\/wp\/v2\/media?parent=93287"}],"wp:term":[{"taxonomy":"product_cat","embeddable":true,"href":"https:\/\/www.keramika.com\/srbija\/wp-json\/wp\/v2\/product_cat?post=93287"},{"taxonomy":"product_tag","embeddable":true,"href":"https:\/\/www.keramika.com\/srbija\/wp-json\/wp\/v2\/product_tag?post=93287"}],"curies":[{"name":"wp","href":"https:\/\/api.w.org\/{rel}","templated":true}]}}