{"id":93285,"date":"2017-07-02T04:17:32","date_gmt":"2017-07-02T04:17:32","guid":{"rendered":"http:\/\/www.ceramictiles.com\/srbija\/product\/plocice-imitacija-drveta-cicogres-evony-cerezo\/"},"modified":"2026-01-03T00:01:05","modified_gmt":"2026-01-03T00:01:05","slug":"plocice-imitacija-drveta-cicogres-evony-cerezo","status":"publish","type":"product","link":"https:\/\/www.keramika.com\/srbija\/plocice-imitacija-drveta-cicogres-evony-cerezo\/","title":{"rendered":"Plo\u010dice imitacija drveta Cicogres Evony Cerezo"},"content":{"rendered":"<p>9 mm debljina \u0107e zadovoljiti i najzahtevnije kupce. Keramika je prekrasne braon boje. U koliko \u017eelite neku drugu boju, pozovite nas i mi \u0107emo proveriti kod proizvo\u0111a\u010da. \u0160irina i du\u017eina plo\u010dice su 60&#215;60 cm. Cicogres Evony Cerezo je proizvod iz \u0160panije te je izuzetno kvalitetna. Umesto 2408,1 RSD \u0161to je redovna maloprodajna cena keramike, u na\u0161oj online prodavnici, je mo\u017eete dobiti za samo 1926,25 RSD.<\/p>\n<p>Kliknite na ime serije za sve plo\u010dice u toj seriji: <a class=\"pdfcatal\" href=\"\/\/www.ceramictiles.com\/pdf\/cicogres\/catalogue_cicogres_ebony.pdf\" onclick=\"recordOutboundLink(this, 'E-mail', 'Description PDF');return false;\">Cicogres Ebony<\/a><\/p>\n<p>Da bi naru\u010dili model iz PDF kataloga ove serije, molimo vas, da nas kontaktirate na: <a href=\"mailto:zo_mi@ceramictiles.com\" onclick=\"recordOutboundLink(this, 'E-mail', 'Description mail');return false;\">zo_mi@ceramictiles.com<\/a> ili nas pozovite na: For exact offer, PLS send us quantity and product you need with delivery address..<\/p>\n<p>Technical description: <br \/> F 60&#215;60 <br \/>Ebony Cerezo ; Ebony Wengue ;<\/p>\n","protected":false},"excerpt":{"rendered":"<p>9 mm debljina \u0107e zadovoljiti i najzahtevnije kupce. Keramika je prekrasne braon boje. U koliko \u017eelite neku drugu boju, pozovite nas i mi \u0107emo proveriti kod proizvo\u0111a\u010da. \u0160irina i du\u017eina plo\u010dice su 60&#215;60 cm. Cicogres Evony Cerezo je proizvod iz \u0160panije te je izuzetno kvalitetna. Umesto 2408,1 RSD \u0161to je redovna maloprodajna cena keramike, u [&hellip;]<\/p>\n","protected":false},"featured_media":93286,"template":"","meta":[],"product_cat":[999964,200,230,240,999],"product_tag":[99950095,99950098],"_links":{"self":[{"href":"https:\/\/www.keramika.com\/srbija\/wp-json\/wp\/v2\/product\/93285"}],"collection":[{"href":"https:\/\/www.keramika.com\/srbija\/wp-json\/wp\/v2\/product"}],"about":[{"href":"https:\/\/www.keramika.com\/srbija\/wp-json\/wp\/v2\/types\/product"}],"wp:featuredmedia":[{"embeddable":true,"href":"https:\/\/www.keramika.com\/srbija\/wp-json\/wp\/v2\/media\/93286"}],"wp:attachment":[{"href":"https:\/\/www.keramika.com\/srbija\/wp-json\/wp\/v2\/media?parent=93285"}],"wp:term":[{"taxonomy":"product_cat","embeddable":true,"href":"https:\/\/www.keramika.com\/srbija\/wp-json\/wp\/v2\/product_cat?post=93285"},{"taxonomy":"product_tag","embeddable":true,"href":"https:\/\/www.keramika.com\/srbija\/wp-json\/wp\/v2\/product_tag?post=93285"}],"curies":[{"name":"wp","href":"https:\/\/api.w.org\/{rel}","templated":true}]}}