{"id":93283,"date":"2017-07-02T04:17:14","date_gmt":"2017-07-02T04:17:14","guid":{"rendered":"http:\/\/www.ceramictiles.com\/srbija\/product\/keramika-imitacija-kamena-cicogres-domitia\/"},"modified":"2026-01-03T00:01:04","modified_gmt":"2026-01-03T00:01:04","slug":"keramika-imitacija-kamena-cicogres-domitia","status":"publish","type":"product","link":"https:\/\/www.keramika.com\/srbija\/keramika-imitacija-kamena-cicogres-domitia\/","title":{"rendered":"Keramika imitacija kamena Cicogres Domitia"},"content":{"rendered":"<p>9 mm debljine je dovoljno za zahtevnije kupce. Keramika je prekrasne sive boje. U koliko \u017eelite neku drugu boju, pozovite nas i mi \u0107emo proveriti kod proizvo\u0111a\u010da. plo\u010dica proizvo\u0111a\u010da Cicogres iz \u0160panije. Veli\u010dina ove plo\u010dice je 60&#215;60 cm. Online cena je samo 1811,25 RSD, dok redovna, maloprodajna cena 2264,35 RSD.<\/p>\n<p>Kliknite na ime serije za sve plo\u010dice u toj seriji: <a class=\"pdfcatal\" href=\"\/\/www.ceramictiles.com\/pdf\/cicogres\/catalogue_cicogres_domitia.pdf\" onclick=\"recordOutboundLink(this, 'E-mail', 'Description PDF');return false;\">Cicogres Domitia<\/a><\/p>\n<p>Da bi naru\u010dili model iz PDF kataloga ove serije, molimo vas, da nas kontaktirate na: <a href=\"mailto:zo_mi@ceramictiles.com\" onclick=\"recordOutboundLink(this, 'E-mail', 'Description mail');return false;\">zo_mi@ceramictiles.com<\/a> ili nas pozovite na: For exact offer, PLS send us quantity and product you need with delivery address..<\/p>\n<p>Technical description: <br \/> F 60&#215;60 <br \/>Domitia ; Domitia Beige ;<\/p>\n","protected":false},"excerpt":{"rendered":"<p>9 mm debljine je dovoljno za zahtevnije kupce. Keramika je prekrasne sive boje. U koliko \u017eelite neku drugu boju, pozovite nas i mi \u0107emo proveriti kod proizvo\u0111a\u010da. plo\u010dica proizvo\u0111a\u010da Cicogres iz \u0160panije. Veli\u010dina ove plo\u010dice je 60&#215;60 cm. Online cena je samo 1811,25 RSD, dok redovna, maloprodajna cena 2264,35 RSD. Kliknite na ime serije za [&hellip;]<\/p>\n","protected":false},"featured_media":93284,"template":"","meta":[],"product_cat":[999964,200,230,240,999],"product_tag":[99950096],"_links":{"self":[{"href":"https:\/\/www.keramika.com\/srbija\/wp-json\/wp\/v2\/product\/93283"}],"collection":[{"href":"https:\/\/www.keramika.com\/srbija\/wp-json\/wp\/v2\/product"}],"about":[{"href":"https:\/\/www.keramika.com\/srbija\/wp-json\/wp\/v2\/types\/product"}],"wp:featuredmedia":[{"embeddable":true,"href":"https:\/\/www.keramika.com\/srbija\/wp-json\/wp\/v2\/media\/93284"}],"wp:attachment":[{"href":"https:\/\/www.keramika.com\/srbija\/wp-json\/wp\/v2\/media?parent=93283"}],"wp:term":[{"taxonomy":"product_cat","embeddable":true,"href":"https:\/\/www.keramika.com\/srbija\/wp-json\/wp\/v2\/product_cat?post=93283"},{"taxonomy":"product_tag","embeddable":true,"href":"https:\/\/www.keramika.com\/srbija\/wp-json\/wp\/v2\/product_tag?post=93283"}],"curies":[{"name":"wp","href":"https:\/\/api.w.org\/{rel}","templated":true}]}}