{"id":93281,"date":"2017-07-02T04:16:58","date_gmt":"2017-07-02T04:16:58","guid":{"rendered":"http:\/\/www.ceramictiles.com\/srbija\/product\/plocice-imitacija-drveta-cicogres-cross\/"},"modified":"2026-01-03T00:01:04","modified_gmt":"2026-01-03T00:01:04","slug":"plocice-imitacija-drveta-cicogres-cross","status":"publish","type":"product","link":"https:\/\/www.keramika.com\/srbija\/plocice-imitacija-drveta-cicogres-cross\/","title":{"rendered":"Plo\u010dice imitacija drveta Cicogres Cross"},"content":{"rendered":"<p>2408,1 RSD je redovna prodajna cena keramike, tu pa samo 1926,25 RSD. Dimenzije ovih plo\u010dica su 60&#215;60 cm. Plo\u010dice braon boje, su letos izuzetno tre\u017eene. Cicogres Cross je proizvod iz \u0160panije te je izuzetno kvalitetna. 9 mm debljina \u0107e zadovoljiti i najzahtevnije kupce.<\/p>\n<p>Kliknite na ime serije za sve plo\u010dice u toj seriji: <a class=\"pdfcatal\" href=\"\/\/www.ceramictiles.com\/pdf\/cicogres\/catalogue_cicogres_cross.pdf\" onclick=\"recordOutboundLink(this, 'E-mail', 'Description PDF');return false;\">Cicogres Cross<\/a><\/p>\n<p>Da bi naru\u010dili model iz PDF kataloga ove serije, molimo vas, da nas kontaktirate na: <a href=\"mailto:zo_mi@ceramictiles.com\" onclick=\"recordOutboundLink(this, 'E-mail', 'Description mail');return false;\">zo_mi@ceramictiles.com<\/a> ili nas pozovite na: For exact offer, PLS send us quantity and product you need with delivery address..<\/p>\n<p>Technical description: <br \/> F 60&#215;60 <br \/>Cross ;<\/p>\n","protected":false},"excerpt":{"rendered":"<p>2408,1 RSD je redovna prodajna cena keramike, tu pa samo 1926,25 RSD. Dimenzije ovih plo\u010dica su 60&#215;60 cm. Plo\u010dice braon boje, su letos izuzetno tre\u017eene. Cicogres Cross je proizvod iz \u0160panije te je izuzetno kvalitetna. 9 mm debljina \u0107e zadovoljiti i najzahtevnije kupce. Kliknite na ime serije za sve plo\u010dice u toj seriji: Cicogres Cross [&hellip;]<\/p>\n","protected":false},"featured_media":93282,"template":"","meta":[],"product_cat":[999964,200,230,240,999],"product_tag":[99950095],"_links":{"self":[{"href":"https:\/\/www.keramika.com\/srbija\/wp-json\/wp\/v2\/product\/93281"}],"collection":[{"href":"https:\/\/www.keramika.com\/srbija\/wp-json\/wp\/v2\/product"}],"about":[{"href":"https:\/\/www.keramika.com\/srbija\/wp-json\/wp\/v2\/types\/product"}],"wp:featuredmedia":[{"embeddable":true,"href":"https:\/\/www.keramika.com\/srbija\/wp-json\/wp\/v2\/media\/93282"}],"wp:attachment":[{"href":"https:\/\/www.keramika.com\/srbija\/wp-json\/wp\/v2\/media?parent=93281"}],"wp:term":[{"taxonomy":"product_cat","embeddable":true,"href":"https:\/\/www.keramika.com\/srbija\/wp-json\/wp\/v2\/product_cat?post=93281"},{"taxonomy":"product_tag","embeddable":true,"href":"https:\/\/www.keramika.com\/srbija\/wp-json\/wp\/v2\/product_tag?post=93281"}],"curies":[{"name":"wp","href":"https:\/\/api.w.org\/{rel}","templated":true}]}}