{"id":93279,"date":"2017-07-02T04:16:41","date_gmt":"2017-07-02T04:16:41","guid":{"rendered":"http:\/\/www.ceramictiles.com\/srbija\/product\/plocice-cicogres-cotto-cuero\/"},"modified":"2026-01-03T00:01:04","modified_gmt":"2026-01-03T00:01:04","slug":"plocice-cicogres-cotto-cuero","status":"publish","type":"product","link":"https:\/\/www.keramika.com\/srbija\/plocice-cicogres-cotto-cuero\/","title":{"rendered":"Plo\u010dice Cicogres Cotto Cuero"},"content":{"rendered":"<p>Ove plo\u010dice dolaze od proizvo\u0111a\u010da Cicogres, iz \u0160panije. Plo\u010dica je debela 9 mm, \u0161to je ubraja u tvrde plo\u010dice. 1689,35 RSD je redovna prodajna cena keramike, tu pa samo 1351,25 RSD. Veli\u010dina ove plo\u010dice je 33,3&#215;33,3 cm. Ta kolekcija, model plo\u010dice, se prodaje najvi\u0161e braon boje.<\/p>\n<p>Kliknite na ime serije za sve plo\u010dice u toj seriji: <a class=\"pdfcatal\" href=\"\/\/www.ceramictiles.com\/pdf\/cicogres\/catalogue_cicogres_cotto.pdf\" onclick=\"recordOutboundLink(this, 'E-mail', 'Description PDF');return false;\">Cicogres Cotto<\/a><\/p>\n<p>Da bi naru\u010dili model iz PDF kataloga ove serije, molimo vas, da nas kontaktirate na: <a href=\"mailto:zo_mi@ceramictiles.com\" onclick=\"recordOutboundLink(this, 'E-mail', 'Description mail');return false;\">zo_mi@ceramictiles.com<\/a> ili nas pozovite na: For exact offer, PLS send us quantity and product you need with delivery address..<\/p>\n<p>Technical description: <br \/> F 33,3&#215;33,3 <br \/>Cotto Ocre ; Cotto Cuero ;<\/p>\n","protected":false},"excerpt":{"rendered":"<p>Ove plo\u010dice dolaze od proizvo\u0111a\u010da Cicogres, iz \u0160panije. Plo\u010dica je debela 9 mm, \u0161to je ubraja u tvrde plo\u010dice. 1689,35 RSD je redovna prodajna cena keramike, tu pa samo 1351,25 RSD. Veli\u010dina ove plo\u010dice je 33,3&#215;33,3 cm. Ta kolekcija, model plo\u010dice, se prodaje najvi\u0161e braon boje. Kliknite na ime serije za sve plo\u010dice u toj [&hellip;]<\/p>\n","protected":false},"featured_media":93280,"template":"","meta":[],"product_cat":[999964,200,230,240,999],"product_tag":[],"_links":{"self":[{"href":"https:\/\/www.keramika.com\/srbija\/wp-json\/wp\/v2\/product\/93279"}],"collection":[{"href":"https:\/\/www.keramika.com\/srbija\/wp-json\/wp\/v2\/product"}],"about":[{"href":"https:\/\/www.keramika.com\/srbija\/wp-json\/wp\/v2\/types\/product"}],"wp:featuredmedia":[{"embeddable":true,"href":"https:\/\/www.keramika.com\/srbija\/wp-json\/wp\/v2\/media\/93280"}],"wp:attachment":[{"href":"https:\/\/www.keramika.com\/srbija\/wp-json\/wp\/v2\/media?parent=93279"}],"wp:term":[{"taxonomy":"product_cat","embeddable":true,"href":"https:\/\/www.keramika.com\/srbija\/wp-json\/wp\/v2\/product_cat?post=93279"},{"taxonomy":"product_tag","embeddable":true,"href":"https:\/\/www.keramika.com\/srbija\/wp-json\/wp\/v2\/product_tag?post=93279"}],"curies":[{"name":"wp","href":"https:\/\/api.w.org\/{rel}","templated":true}]}}