{"id":93269,"date":"2017-07-02T04:15:11","date_gmt":"2017-07-02T04:15:11","guid":{"rendered":"http:\/\/www.ceramictiles.com\/srbija\/product\/podne-i-zidne-plocice-cicogres-bellice\/"},"modified":"2026-01-03T00:01:02","modified_gmt":"2026-01-03T00:01:02","slug":"podne-i-zidne-plocice-cicogres-bellice","status":"publish","type":"product","link":"https:\/\/www.keramika.com\/srbija\/podne-i-zidne-plocice-cicogres-bellice\/","title":{"rendered":"Podne i zidne plo\u010dice Cicogres Bellice"},"content":{"rendered":"<p>plo\u010dica proizvo\u0111a\u010da Cicogres iz \u0160panije. Ova plo\u010dica je debela 9 mm i zato je izuzetno izdr\u017eljiva. Umesto 2030,9 RSD \u0161to je redovna maloprodajna cena keramike, u na\u0161oj online prodavnici, je mo\u017eete dobiti za samo 1623,8 RSD. Veli\u010dina 60&#215;60 cm je odli\u010dna za sve podloge. Keramika je prekrasne roze boje. U koliko \u017eelite neku drugu boju, pozovite nas i mi \u0107emo proveriti kod proizvo\u0111a\u010da.<\/p>\n<p>Kliknite na ime serije za sve plo\u010dice u toj seriji: <a class=\"pdfcatal\" href=\"\/\/www.ceramictiles.com\/pdf\/cicogres\/catalogue_cicogres_bellice.pdf\" onclick=\"recordOutboundLink(this, 'E-mail', 'Description PDF');return false;\">Cicogres Bellice<\/a><\/p>\n<p>Da bi naru\u010dili model iz PDF kataloga ove serije, molimo vas, da nas kontaktirate na: <a href=\"mailto:zo_mi@ceramictiles.com\" onclick=\"recordOutboundLink(this, 'E-mail', 'Description mail');return false;\">zo_mi@ceramictiles.com<\/a> ili nas pozovite na: For exact offer, PLS send us quantity and product you need with delivery address..<\/p>\n<p>Technical description: <br \/> W &#038; F 60&#215;60 <br \/>Bellice ;<\/p>\n","protected":false},"excerpt":{"rendered":"<p>plo\u010dica proizvo\u0111a\u010da Cicogres iz \u0160panije. Ova plo\u010dica je debela 9 mm i zato je izuzetno izdr\u017eljiva. Umesto 2030,9 RSD \u0161to je redovna maloprodajna cena keramike, u na\u0161oj online prodavnici, je mo\u017eete dobiti za samo 1623,8 RSD. Veli\u010dina 60&#215;60 cm je odli\u010dna za sve podloge. Keramika je prekrasne roze boje. U koliko \u017eelite neku drugu boju, [&hellip;]<\/p>\n","protected":false},"featured_media":93270,"template":"","meta":[],"product_cat":[999964,200,240,999,290,250],"product_tag":[],"_links":{"self":[{"href":"https:\/\/www.keramika.com\/srbija\/wp-json\/wp\/v2\/product\/93269"}],"collection":[{"href":"https:\/\/www.keramika.com\/srbija\/wp-json\/wp\/v2\/product"}],"about":[{"href":"https:\/\/www.keramika.com\/srbija\/wp-json\/wp\/v2\/types\/product"}],"wp:featuredmedia":[{"embeddable":true,"href":"https:\/\/www.keramika.com\/srbija\/wp-json\/wp\/v2\/media\/93270"}],"wp:attachment":[{"href":"https:\/\/www.keramika.com\/srbija\/wp-json\/wp\/v2\/media?parent=93269"}],"wp:term":[{"taxonomy":"product_cat","embeddable":true,"href":"https:\/\/www.keramika.com\/srbija\/wp-json\/wp\/v2\/product_cat?post=93269"},{"taxonomy":"product_tag","embeddable":true,"href":"https:\/\/www.keramika.com\/srbija\/wp-json\/wp\/v2\/product_tag?post=93269"}],"curies":[{"name":"wp","href":"https:\/\/api.w.org\/{rel}","templated":true}]}}