{"id":93267,"date":"2017-07-02T04:14:54","date_gmt":"2017-07-02T04:14:54","guid":{"rendered":"http:\/\/www.ceramictiles.com\/srbija\/product\/dekorativne-plocice-cicogres-belli\/"},"modified":"2026-01-03T00:01:02","modified_gmt":"2026-01-03T00:01:02","slug":"dekorativne-plocice-cicogres-belli","status":"publish","type":"product","link":"https:\/\/www.keramika.com\/srbija\/dekorativne-plocice-cicogres-belli\/","title":{"rendered":"Dekorativne plo\u010dice Cicogres Belli"},"content":{"rendered":"<p>Plo\u010dice sive boje, su letos izuzetno tre\u017eene. 9 mm debljina \u0107e zadovoljiti i najzahtevnije kupce. Cicogres Belli je proizvod iz \u0160panije te je izuzetno kvalitetna. Veli\u010dina ove plo\u010dice je 45&#215;45 cm. 1922,8 RSD je redovna prodajna cena keramike, tu pa samo 1538,7 RSD.<\/p>\n<p>Kliknite na ime serije za sve plo\u010dice u toj seriji: <a class=\"pdfcatal\" href=\"\/\/www.ceramictiles.com\/pdf\/cicogres\/catalogue_cicogres_belli.pdf\" onclick=\"recordOutboundLink(this, 'E-mail', 'Description PDF');return false;\">Cicogres Belli<\/a><\/p>\n<p>Da bi naru\u010dili model iz PDF kataloga ove serije, molimo vas, da nas kontaktirate na: <a href=\"mailto:zo_mi@ceramictiles.com\" onclick=\"recordOutboundLink(this, 'E-mail', 'Description mail');return false;\">zo_mi@ceramictiles.com<\/a> ili nas pozovite na: For exact offer, PLS send us quantity and product you need with delivery address..<\/p>\n<p>Technical description: <br \/> F 45&#215;45 <br \/>Belli ;<\/p>\n","protected":false},"excerpt":{"rendered":"<p>Plo\u010dice sive boje, su letos izuzetno tre\u017eene. 9 mm debljina \u0107e zadovoljiti i najzahtevnije kupce. Cicogres Belli je proizvod iz \u0160panije te je izuzetno kvalitetna. Veli\u010dina ove plo\u010dice je 45&#215;45 cm. 1922,8 RSD je redovna prodajna cena keramike, tu pa samo 1538,7 RSD. Kliknite na ime serije za sve plo\u010dice u toj seriji: Cicogres Belli [&hellip;]<\/p>\n","protected":false},"featured_media":93268,"template":"","meta":[],"product_cat":[999964,200,230,240,999],"product_tag":[],"_links":{"self":[{"href":"https:\/\/www.keramika.com\/srbija\/wp-json\/wp\/v2\/product\/93267"}],"collection":[{"href":"https:\/\/www.keramika.com\/srbija\/wp-json\/wp\/v2\/product"}],"about":[{"href":"https:\/\/www.keramika.com\/srbija\/wp-json\/wp\/v2\/types\/product"}],"wp:featuredmedia":[{"embeddable":true,"href":"https:\/\/www.keramika.com\/srbija\/wp-json\/wp\/v2\/media\/93268"}],"wp:attachment":[{"href":"https:\/\/www.keramika.com\/srbija\/wp-json\/wp\/v2\/media?parent=93267"}],"wp:term":[{"taxonomy":"product_cat","embeddable":true,"href":"https:\/\/www.keramika.com\/srbija\/wp-json\/wp\/v2\/product_cat?post=93267"},{"taxonomy":"product_tag","embeddable":true,"href":"https:\/\/www.keramika.com\/srbija\/wp-json\/wp\/v2\/product_tag?post=93267"}],"curies":[{"name":"wp","href":"https:\/\/api.w.org\/{rel}","templated":true}]}}