{"id":93261,"date":"2017-07-02T04:13:57","date_gmt":"2017-07-02T04:13:57","guid":{"rendered":"http:\/\/www.ceramictiles.com\/srbija\/product\/plocice-za-dnevnu-sobu-cicogres-basic-beige\/"},"modified":"2026-01-03T00:01:01","modified_gmt":"2026-01-03T00:01:01","slug":"plocice-za-dnevnu-sobu-cicogres-basic-beige","status":"publish","type":"product","link":"https:\/\/www.keramika.com\/srbija\/plocice-za-dnevnu-sobu-cicogres-basic-beige\/","title":{"rendered":"Plo\u010dice za dnevnu sobu Cicogres Basic Beige"},"content":{"rendered":"<p>Veli\u010dina ove plo\u010dice je 60&#215;60 cm. Debljina 9 mm \u010dini plo\u010dicu vrlo izdr\u017eljivom i prijatnom na dodir. Ove plo\u010dice dolaze od proizvo\u0111a\u010da Cicogres, iz \u0160panije. Redovna cena, ovih plo\u010dica u maloprodaji je 2658,8 RSD. U na\u0161oj online trgovini, je mo\u017eete kupiti za 2127,5 RSD. U izboru plo\u010dica be\u017e boje, ne mo\u017eete pogre\u0161iti.<\/p>\n<p>Kliknite na ime serije za sve plo\u010dice u toj seriji: <a class=\"pdfcatal\" href=\"\/\/www.ceramictiles.com\/pdf\/cicogres\/catalogue_cicogres_basic.pdf\" onclick=\"recordOutboundLink(this, 'E-mail', 'Description PDF');return false;\">Cicogres Basic<\/a><\/p>\n<p>Da bi naru\u010dili model iz PDF kataloga ove serije, molimo vas, da nas kontaktirate na: <a href=\"mailto:zo_mi@ceramictiles.com\" onclick=\"recordOutboundLink(this, 'E-mail', 'Description mail');return false;\">zo_mi@ceramictiles.com<\/a> ili nas pozovite na: For exact offer, PLS send us quantity and product you need with delivery address..<\/p>\n<p>Technical description: <br \/> F 60&#215;60 ; 60&#215;30 <br \/>Basic Beige ; Basic Cacao ; Basic Perla ; Basic Grafito ;<\/p>\n","protected":false},"excerpt":{"rendered":"<p>Veli\u010dina ove plo\u010dice je 60&#215;60 cm. Debljina 9 mm \u010dini plo\u010dicu vrlo izdr\u017eljivom i prijatnom na dodir. Ove plo\u010dice dolaze od proizvo\u0111a\u010da Cicogres, iz \u0160panije. Redovna cena, ovih plo\u010dica u maloprodaji je 2658,8 RSD. U na\u0161oj online trgovini, je mo\u017eete kupiti za 2127,5 RSD. U izboru plo\u010dica be\u017e boje, ne mo\u017eete pogre\u0161iti. Kliknite na ime [&hellip;]<\/p>\n","protected":false},"featured_media":93262,"template":"","meta":[],"product_cat":[999964,200,230,240,999],"product_tag":[99950097],"_links":{"self":[{"href":"https:\/\/www.keramika.com\/srbija\/wp-json\/wp\/v2\/product\/93261"}],"collection":[{"href":"https:\/\/www.keramika.com\/srbija\/wp-json\/wp\/v2\/product"}],"about":[{"href":"https:\/\/www.keramika.com\/srbija\/wp-json\/wp\/v2\/types\/product"}],"wp:featuredmedia":[{"embeddable":true,"href":"https:\/\/www.keramika.com\/srbija\/wp-json\/wp\/v2\/media\/93262"}],"wp:attachment":[{"href":"https:\/\/www.keramika.com\/srbija\/wp-json\/wp\/v2\/media?parent=93261"}],"wp:term":[{"taxonomy":"product_cat","embeddable":true,"href":"https:\/\/www.keramika.com\/srbija\/wp-json\/wp\/v2\/product_cat?post=93261"},{"taxonomy":"product_tag","embeddable":true,"href":"https:\/\/www.keramika.com\/srbija\/wp-json\/wp\/v2\/product_tag?post=93261"}],"curies":[{"name":"wp","href":"https:\/\/api.w.org\/{rel}","templated":true}]}}