{"id":93257,"date":"2017-07-02T04:13:16","date_gmt":"2017-07-02T04:13:16","guid":{"rendered":"http:\/\/www.ceramictiles.com\/srbija\/product\/kuhinjske-plocice-cicogres-bahia\/"},"modified":"2026-01-03T00:01:00","modified_gmt":"2026-01-03T00:01:00","slug":"kuhinjske-plocice-cicogres-bahia","status":"publish","type":"product","link":"https:\/\/www.keramika.com\/srbija\/kuhinjske-plocice-cicogres-bahia\/","title":{"rendered":"Kuhinjske plo\u010dice Cicogres Bahia"},"content":{"rendered":"<p>Plo\u010dice dolaze iz \u0160panije, koja je poznata po kvalitetnoj keramiki. Plo\u010dica na sliki je 60&#215;60 cm. Cicogres Bahia je dostupna po vrlo povoljnim cenama 2343,7 RSD. 9 mm debljine je dovoljno za zahtevnije kupce. Izuzetno moderne plo\u010dice be\u017e boje, osve\u017eit \u0107e svaki prostor.<\/p>\n<p>Kliknite na ime serije za sve plo\u010dice u toj seriji: <a class=\"pdfcatal\" href=\"\/\/www.ceramictiles.com\/pdf\/cicogres\/catalogue_cicogres_bahia.pdf\" onclick=\"recordOutboundLink(this, 'E-mail', 'Description PDF');return false;\">Cicogres Bahia<\/a><\/p>\n<p>Da bi naru\u010dili model iz PDF kataloga ove serije, molimo vas, da nas kontaktirate na: <a href=\"mailto:zo_mi@ceramictiles.com\" onclick=\"recordOutboundLink(this, 'E-mail', 'Description mail');return false;\">zo_mi@ceramictiles.com<\/a> ili nas pozovite na: For exact offer, PLS send us quantity and product you need with delivery address..<\/p>\n<p>Technical description: <br \/> F 60&#215;60 <br \/>Bah\u00eda ;<\/p>\n","protected":false},"excerpt":{"rendered":"<p>Plo\u010dice dolaze iz \u0160panije, koja je poznata po kvalitetnoj keramiki. Plo\u010dica na sliki je 60&#215;60 cm. Cicogres Bahia je dostupna po vrlo povoljnim cenama 2343,7 RSD. 9 mm debljine je dovoljno za zahtevnije kupce. Izuzetno moderne plo\u010dice be\u017e boje, osve\u017eit \u0107e svaki prostor. Kliknite na ime serije za sve plo\u010dice u toj seriji: Cicogres Bahia [&hellip;]<\/p>\n","protected":false},"featured_media":93258,"template":"","meta":[],"product_cat":[999964,200,230,240,999],"product_tag":[],"_links":{"self":[{"href":"https:\/\/www.keramika.com\/srbija\/wp-json\/wp\/v2\/product\/93257"}],"collection":[{"href":"https:\/\/www.keramika.com\/srbija\/wp-json\/wp\/v2\/product"}],"about":[{"href":"https:\/\/www.keramika.com\/srbija\/wp-json\/wp\/v2\/types\/product"}],"wp:featuredmedia":[{"embeddable":true,"href":"https:\/\/www.keramika.com\/srbija\/wp-json\/wp\/v2\/media\/93258"}],"wp:attachment":[{"href":"https:\/\/www.keramika.com\/srbija\/wp-json\/wp\/v2\/media?parent=93257"}],"wp:term":[{"taxonomy":"product_cat","embeddable":true,"href":"https:\/\/www.keramika.com\/srbija\/wp-json\/wp\/v2\/product_cat?post=93257"},{"taxonomy":"product_tag","embeddable":true,"href":"https:\/\/www.keramika.com\/srbija\/wp-json\/wp\/v2\/product_tag?post=93257"}],"curies":[{"name":"wp","href":"https:\/\/api.w.org\/{rel}","templated":true}]}}