{"id":93247,"date":"2017-07-02T04:11:48","date_gmt":"2017-07-02T04:11:48","guid":{"rendered":"http:\/\/www.ceramictiles.com\/srbija\/product\/plocice-imitacija-drveta-cicogres-aspen-roble\/"},"modified":"2026-01-03T00:00:59","modified_gmt":"2026-01-03T00:00:59","slug":"plocice-imitacija-drveta-cicogres-aspen-roble","status":"publish","type":"product","link":"https:\/\/www.keramika.com\/srbija\/plocice-imitacija-drveta-cicogres-aspen-roble\/","title":{"rendered":"Plo\u010dice imitacija drveta Cicogres Aspen Roble"},"content":{"rendered":"<p>Redovna cena, ovih plo\u010dica u maloprodaji je 2408,1 RSD. U na\u0161oj online trgovini, je mo\u017eete kupiti za 1926,25 RSD. Plo\u010dice braon boje, su letos izuzetno tre\u017eene. Veli\u010dina 60&#215;60 cm je odli\u010dna za sve podloge. 9 mm debljina \u0107e zadovoljiti i najzahtevnije kupce. Proizvodnja \u0160panije ,koja je poznata u svetu, kao jedana od najboljih proizvo\u0111a\u010da kerami\u010dkih plo\u010dica.<\/p>\n<p>Kliknite na ime serije za sve plo\u010dice u toj seriji: <a class=\"pdfcatal\" href=\"\/\/www.ceramictiles.com\/pdf\/cicogres\/catalogue_cicogres_aspen.pdf\" onclick=\"recordOutboundLink(this, 'E-mail', 'Description PDF');return false;\">Cicogres Aspen<\/a><\/p>\n<p>Da bi naru\u010dili model iz PDF kataloga ove serije, molimo vas, da nas kontaktirate na: <a href=\"mailto:zo_mi@ceramictiles.com\" onclick=\"recordOutboundLink(this, 'E-mail', 'Description mail');return false;\">zo_mi@ceramictiles.com<\/a> ili nas pozovite na: For exact offer, PLS send us quantity and product you need with delivery address..<\/p>\n<p>Technical description: <br \/> F 60&#215;60 <br \/>Aspen Haya ; Aspen Caoba ; Aspen Roble ;<\/p>\n","protected":false},"excerpt":{"rendered":"<p>Redovna cena, ovih plo\u010dica u maloprodaji je 2408,1 RSD. U na\u0161oj online trgovini, je mo\u017eete kupiti za 1926,25 RSD. Plo\u010dice braon boje, su letos izuzetno tre\u017eene. Veli\u010dina 60&#215;60 cm je odli\u010dna za sve podloge. 9 mm debljina \u0107e zadovoljiti i najzahtevnije kupce. Proizvodnja \u0160panije ,koja je poznata u svetu, kao jedana od najboljih proizvo\u0111a\u010da kerami\u010dkih [&hellip;]<\/p>\n","protected":false},"featured_media":93248,"template":"","meta":[],"product_cat":[999964,200,230,240,999],"product_tag":[99950095],"_links":{"self":[{"href":"https:\/\/www.keramika.com\/srbija\/wp-json\/wp\/v2\/product\/93247"}],"collection":[{"href":"https:\/\/www.keramika.com\/srbija\/wp-json\/wp\/v2\/product"}],"about":[{"href":"https:\/\/www.keramika.com\/srbija\/wp-json\/wp\/v2\/types\/product"}],"wp:featuredmedia":[{"embeddable":true,"href":"https:\/\/www.keramika.com\/srbija\/wp-json\/wp\/v2\/media\/93248"}],"wp:attachment":[{"href":"https:\/\/www.keramika.com\/srbija\/wp-json\/wp\/v2\/media?parent=93247"}],"wp:term":[{"taxonomy":"product_cat","embeddable":true,"href":"https:\/\/www.keramika.com\/srbija\/wp-json\/wp\/v2\/product_cat?post=93247"},{"taxonomy":"product_tag","embeddable":true,"href":"https:\/\/www.keramika.com\/srbija\/wp-json\/wp\/v2\/product_tag?post=93247"}],"curies":[{"name":"wp","href":"https:\/\/api.w.org\/{rel}","templated":true}]}}