{"id":93245,"date":"2017-07-02T04:11:28","date_gmt":"2017-07-02T04:11:28","guid":{"rendered":"http:\/\/www.ceramictiles.com\/srbija\/product\/porcelanske-plocice-cicogres-ardesia-negro\/"},"modified":"2026-01-03T00:00:59","modified_gmt":"2026-01-03T00:00:59","slug":"porcelanske-plocice-cicogres-ardesia-negro","status":"publish","type":"product","link":"https:\/\/www.keramika.com\/srbija\/porcelanske-plocice-cicogres-ardesia-negro\/","title":{"rendered":"Porcelanske plo\u010dice Cicogres Ardesia Negro"},"content":{"rendered":"<p>Online cena je samo 2098,75 RSD, dok redovna, maloprodajna cena 2623,15 RSD. Debljina 9 mm \u010dini plo\u010dicu vrlo izdr\u017eljivom i prijatnom na dodir. Veli\u010dina plo\u010dice je 60&#215;30 cm i odli\u010dna je za razli\u010dite povr\u0161ine. Ove plo\u010dice dolaze od proizvo\u0111a\u010da Cicogres, iz \u0160panije. Izuzetno moderne plo\u010dice crne boje, osve\u017eit \u0107e svaki prostor.<\/p>\n<p>Kliknite na ime serije za sve plo\u010dice u toj seriji: <a class=\"pdfcatal\" href=\"\/\/www.ceramictiles.com\/pdf\/cicogres\/catalogue_cicogres_ardesia.pdf\" onclick=\"recordOutboundLink(this, 'E-mail', 'Description PDF');return false;\">Cicogres Ardesia<\/a><\/p>\n<p>Da bi naru\u010dili model iz PDF kataloga ove serije, molimo vas, da nas kontaktirate na: <a href=\"mailto:zo_mi@ceramictiles.com\" onclick=\"recordOutboundLink(this, 'E-mail', 'Description mail');return false;\">zo_mi@ceramictiles.com<\/a> ili nas pozovite na: For exact offer, PLS send us quantity and product you need with delivery address..<\/p>\n<p>Technical description: <br \/> W 60&#215;30 <br \/>Ardesia Beige ; Ardesia Negro ;<\/p>\n","protected":false},"excerpt":{"rendered":"<p>Online cena je samo 2098,75 RSD, dok redovna, maloprodajna cena 2623,15 RSD. Debljina 9 mm \u010dini plo\u010dicu vrlo izdr\u017eljivom i prijatnom na dodir. Veli\u010dina plo\u010dice je 60&#215;30 cm i odli\u010dna je za razli\u010dite povr\u0161ine. Ove plo\u010dice dolaze od proizvo\u0111a\u010da Cicogres, iz \u0160panije. Izuzetno moderne plo\u010dice crne boje, osve\u017eit \u0107e svaki prostor. Kliknite na ime serije [&hellip;]<\/p>\n","protected":false},"featured_media":93246,"template":"","meta":[],"product_cat":[999964,200,240,260,999,270],"product_tag":[99950100],"_links":{"self":[{"href":"https:\/\/www.keramika.com\/srbija\/wp-json\/wp\/v2\/product\/93245"}],"collection":[{"href":"https:\/\/www.keramika.com\/srbija\/wp-json\/wp\/v2\/product"}],"about":[{"href":"https:\/\/www.keramika.com\/srbija\/wp-json\/wp\/v2\/types\/product"}],"wp:featuredmedia":[{"embeddable":true,"href":"https:\/\/www.keramika.com\/srbija\/wp-json\/wp\/v2\/media\/93246"}],"wp:attachment":[{"href":"https:\/\/www.keramika.com\/srbija\/wp-json\/wp\/v2\/media?parent=93245"}],"wp:term":[{"taxonomy":"product_cat","embeddable":true,"href":"https:\/\/www.keramika.com\/srbija\/wp-json\/wp\/v2\/product_cat?post=93245"},{"taxonomy":"product_tag","embeddable":true,"href":"https:\/\/www.keramika.com\/srbija\/wp-json\/wp\/v2\/product_tag?post=93245"}],"curies":[{"name":"wp","href":"https:\/\/api.w.org\/{rel}","templated":true}]}}