{"id":93239,"date":"2017-07-02T04:10:32","date_gmt":"2017-07-02T04:10:32","guid":{"rendered":"http:\/\/www.ceramictiles.com\/srbija\/product\/plocice-imitacija-drveta-cicogres-andino\/"},"modified":"2026-01-03T00:00:58","modified_gmt":"2026-01-03T00:00:58","slug":"plocice-imitacija-drveta-cicogres-andino","status":"publish","type":"product","link":"https:\/\/www.keramika.com\/srbija\/plocice-imitacija-drveta-cicogres-andino\/","title":{"rendered":"Plo\u010dice imitacija drveta Cicogres Andino"},"content":{"rendered":"<p>Redovna cena, ovih plo\u010dica u maloprodaji je 1725 RSD. U na\u0161oj online trgovini, je mo\u017eete kupiti za 1380 RSD. Veli\u010dina plo\u010dice je 45&#215;45 cm i odli\u010dna je za razli\u010dite povr\u0161ine. U izboru plo\u010dica be\u017e boje, ne mo\u017eete pogre\u0161iti. Cicogres Andino dolazi iz \u0160panije, koja je poznata po vrlo visokoj kvaliteta keramike u svetu. Debljina plo\u010dice, je vrlo va\u017ena 9 mm i ubraja tu plo\u010dicu me\u0111u najkvalitetnije.<\/p>\n<p>Kliknite na ime serije za sve plo\u010dice u toj seriji: <a class=\"pdfcatal\" href=\"\/\/www.ceramictiles.com\/pdf\/cicogres\/catalogue_cicogres_andino.pdf\" onclick=\"recordOutboundLink(this, 'E-mail', 'Description PDF');return false;\">Cicogres Andino<\/a><\/p>\n<p>Da bi naru\u010dili model iz PDF kataloga ove serije, molimo vas, da nas kontaktirate na: <a href=\"mailto:zo_mi@ceramictiles.com\" onclick=\"recordOutboundLink(this, 'E-mail', 'Description mail');return false;\">zo_mi@ceramictiles.com<\/a> ili nas pozovite na: For exact offer, PLS send us quantity and product you need with delivery address..<\/p>\n<p>Technical description: <br \/> F 45&#215;45 <br \/>Andino ;<\/p>\n","protected":false},"excerpt":{"rendered":"<p>Redovna cena, ovih plo\u010dica u maloprodaji je 1725 RSD. U na\u0161oj online trgovini, je mo\u017eete kupiti za 1380 RSD. Veli\u010dina plo\u010dice je 45&#215;45 cm i odli\u010dna je za razli\u010dite povr\u0161ine. U izboru plo\u010dica be\u017e boje, ne mo\u017eete pogre\u0161iti. Cicogres Andino dolazi iz \u0160panije, koja je poznata po vrlo visokoj kvaliteta keramike u svetu. Debljina plo\u010dice, [&hellip;]<\/p>\n","protected":false},"featured_media":93240,"template":"","meta":[],"product_cat":[999964,200,230,240,999],"product_tag":[99950095],"_links":{"self":[{"href":"https:\/\/www.keramika.com\/srbija\/wp-json\/wp\/v2\/product\/93239"}],"collection":[{"href":"https:\/\/www.keramika.com\/srbija\/wp-json\/wp\/v2\/product"}],"about":[{"href":"https:\/\/www.keramika.com\/srbija\/wp-json\/wp\/v2\/types\/product"}],"wp:featuredmedia":[{"embeddable":true,"href":"https:\/\/www.keramika.com\/srbija\/wp-json\/wp\/v2\/media\/93240"}],"wp:attachment":[{"href":"https:\/\/www.keramika.com\/srbija\/wp-json\/wp\/v2\/media?parent=93239"}],"wp:term":[{"taxonomy":"product_cat","embeddable":true,"href":"https:\/\/www.keramika.com\/srbija\/wp-json\/wp\/v2\/product_cat?post=93239"},{"taxonomy":"product_tag","embeddable":true,"href":"https:\/\/www.keramika.com\/srbija\/wp-json\/wp\/v2\/product_tag?post=93239"}],"curies":[{"name":"wp","href":"https:\/\/api.w.org\/{rel}","templated":true}]}}