{"id":93231,"date":"2017-07-02T04:09:22","date_gmt":"2017-07-02T04:09:22","guid":{"rendered":"http:\/\/www.ceramictiles.com\/srbija\/product\/zidne-plocice-cicogres-alabastro-marengo\/"},"modified":"2026-01-03T00:00:57","modified_gmt":"2026-01-03T00:00:57","slug":"zidne-plocice-cicogres-alabastro-marengo","status":"publish","type":"product","link":"https:\/\/www.keramika.com\/srbija\/zidne-plocice-cicogres-alabastro-marengo\/","title":{"rendered":"Zidne plo\u010dice Cicogres Alabastro Marengo"},"content":{"rendered":"<p>9 mm debljine je dovoljno za zahtevnije kupce. Plo\u010dica na sliki je 50&#215;20 cm. plo\u010dica proizvo\u0111a\u010da Cicogres iz \u0160panije. Keramika je prekrasne plave boje. U koliko \u017eelite neku drugu boju, pozovite nas i mi \u0107emo proveriti kod proizvo\u0111a\u010da. Cicogres Alabastro Marengo je dostupna po vrlo povoljnim cenama 1653,7 RSD.<\/p>\n<p>Kliknite na ime serije za sve plo\u010dice u toj seriji: <a class=\"pdfcatal\" href=\"\/\/www.ceramictiles.com\/pdf\/cicogres\/catalogue_cicogres_alabastro.pdf\" onclick=\"recordOutboundLink(this, 'E-mail', 'Description PDF');return false;\">Cicogres Alabastro<\/a><\/p>\n<p>Da bi naru\u010dili model iz PDF kataloga ove serije, molimo vas, da nas kontaktirate na: <a href=\"mailto:zo_mi@ceramictiles.com\" onclick=\"recordOutboundLink(this, 'E-mail', 'Description mail');return false;\">zo_mi@ceramictiles.com<\/a> ili nas pozovite na: For exact offer, PLS send us quantity and product you need with delivery address..<\/p>\n<p>Technical description: <br \/> W 50&#215;20 <br \/>Alabastro Blanco ; Alabastro Blanco Ondas ; Alabastro Malva ; Alabastro Malva Ondas ; Alabastro Coral ; Alabastro Coral Ondas ; Alabastro Marengo ; Alabastro Marengo Ondas ; Alabastro Teja ; Alabastro Teja Ondas ;<\/p>\n","protected":false},"excerpt":{"rendered":"<p>9 mm debljine je dovoljno za zahtevnije kupce. Plo\u010dica na sliki je 50&#215;20 cm. plo\u010dica proizvo\u0111a\u010da Cicogres iz \u0160panije. Keramika je prekrasne plave boje. U koliko \u017eelite neku drugu boju, pozovite nas i mi \u0107emo proveriti kod proizvo\u0111a\u010da. Cicogres Alabastro Marengo je dostupna po vrlo povoljnim cenama 1653,7 RSD. Kliknite na ime serije za sve [&hellip;]<\/p>\n","protected":false},"featured_media":93232,"template":"","meta":[],"product_cat":[999964,200,220,999,250],"product_tag":[],"_links":{"self":[{"href":"https:\/\/www.keramika.com\/srbija\/wp-json\/wp\/v2\/product\/93231"}],"collection":[{"href":"https:\/\/www.keramika.com\/srbija\/wp-json\/wp\/v2\/product"}],"about":[{"href":"https:\/\/www.keramika.com\/srbija\/wp-json\/wp\/v2\/types\/product"}],"wp:featuredmedia":[{"embeddable":true,"href":"https:\/\/www.keramika.com\/srbija\/wp-json\/wp\/v2\/media\/93232"}],"wp:attachment":[{"href":"https:\/\/www.keramika.com\/srbija\/wp-json\/wp\/v2\/media?parent=93231"}],"wp:term":[{"taxonomy":"product_cat","embeddable":true,"href":"https:\/\/www.keramika.com\/srbija\/wp-json\/wp\/v2\/product_cat?post=93231"},{"taxonomy":"product_tag","embeddable":true,"href":"https:\/\/www.keramika.com\/srbija\/wp-json\/wp\/v2\/product_tag?post=93231"}],"curies":[{"name":"wp","href":"https:\/\/api.w.org\/{rel}","templated":true}]}}