{"id":93227,"date":"2017-07-02T04:08:44","date_gmt":"2017-07-02T04:08:44","guid":{"rendered":"http:\/\/www.ceramictiles.com\/srbija\/product\/natucer-klinker-viva-oro\/"},"modified":"2026-01-03T00:00:56","modified_gmt":"2026-01-03T00:00:56","slug":"natucer-klinker-viva-oro","status":"publish","type":"product","link":"https:\/\/www.keramika.com\/srbija\/natucer-klinker-viva-oro\/","title":{"rendered":"Natucer klinker Viva Oro"},"content":{"rendered":"<p>Veli\u010dina 10&#215;40 cm je odli\u010dna za sve podloge. plo\u010dica proizvo\u0111a\u010da Natucer Ceramica iz \u0160panije. Ta kolekcija, model plo\u010dice, se prodaje najvi\u0161e srebrne boje. 9 mm debljine je dovoljno za zahtevnije kupce. Zbog ni\u017eih tro\u0161kova, online prodaje, Vi \u0107e te na na\u0161oj strani ove plo\u010de platiti samo 13358,4 RSD.<\/p>\n<p>Kliknite na ime serije za sve plo\u010dice u toj seriji: <a class=\"pdfcatal\" href=\"\/\/www.ceramictiles.com\/pdf\/natucer\/catalogue_natucer_viva.pdf\" onclick=\"recordOutboundLink(this, 'E-mail', 'Description PDF');return false;\">Natucer Ceramica Viva<\/a><\/p>\n<p>Da bi naru\u010dili model iz PDF kataloga ove serije, molimo vas, da nas kontaktirate na: <a href=\"mailto:zo_mi@ceramictiles.com\" onclick=\"recordOutboundLink(this, 'E-mail', 'Description mail');return false;\">zo_mi@ceramictiles.com<\/a> ili nas pozovite na: For exact offer, PLS send us quantity and product you need with delivery address..<\/p>\n<p>Technical description: <br \/> W 10&#215;40 ; 5&#215;20 ; 10&#215;66 ; 40&#215;25 ; 20&#215;50 <br \/>Viva Luz ; Viva Azur ; Viva P\u00farpura ; Viva Ceniza ; Viva Oro ; Viva Plata ; Viva Azabache ; Viva Rubi ;<\/p>\n","protected":false},"excerpt":{"rendered":"<p>Veli\u010dina 10&#215;40 cm je odli\u010dna za sve podloge. plo\u010dica proizvo\u0111a\u010da Natucer Ceramica iz \u0160panije. Ta kolekcija, model plo\u010dice, se prodaje najvi\u0161e srebrne boje. 9 mm debljine je dovoljno za zahtevnije kupce. Zbog ni\u017eih tro\u0161kova, online prodaje, Vi \u0107e te na na\u0161oj strani ove plo\u010de platiti samo 13358,4 RSD. Kliknite na ime serije za sve plo\u010dice [&hellip;]<\/p>\n","protected":false},"featured_media":93228,"template":"","meta":[],"product_cat":[100,9991435,999,120],"product_tag":[],"_links":{"self":[{"href":"https:\/\/www.keramika.com\/srbija\/wp-json\/wp\/v2\/product\/93227"}],"collection":[{"href":"https:\/\/www.keramika.com\/srbija\/wp-json\/wp\/v2\/product"}],"about":[{"href":"https:\/\/www.keramika.com\/srbija\/wp-json\/wp\/v2\/types\/product"}],"wp:featuredmedia":[{"embeddable":true,"href":"https:\/\/www.keramika.com\/srbija\/wp-json\/wp\/v2\/media\/93228"}],"wp:attachment":[{"href":"https:\/\/www.keramika.com\/srbija\/wp-json\/wp\/v2\/media?parent=93227"}],"wp:term":[{"taxonomy":"product_cat","embeddable":true,"href":"https:\/\/www.keramika.com\/srbija\/wp-json\/wp\/v2\/product_cat?post=93227"},{"taxonomy":"product_tag","embeddable":true,"href":"https:\/\/www.keramika.com\/srbija\/wp-json\/wp\/v2\/product_tag?post=93227"}],"curies":[{"name":"wp","href":"https:\/\/api.w.org\/{rel}","templated":true}]}}