{"id":93225,"date":"2017-07-02T04:08:24","date_gmt":"2017-07-02T04:08:24","guid":{"rendered":"http:\/\/www.ceramictiles.com\/srbija\/product\/natucer-klinker-venezia-mela\/"},"modified":"2026-01-03T00:00:56","modified_gmt":"2026-01-03T00:00:56","slug":"natucer-klinker-venezia-mela","status":"publish","type":"product","link":"https:\/\/www.keramika.com\/srbija\/natucer-klinker-venezia-mela\/","title":{"rendered":"Natucer klinker Venezia Mela"},"content":{"rendered":"<p>Natucer klinker Venezia Mela je dostupna po vrlo povoljnim cenama 6697,6 RSD. Natucer klinker Venezia Mela dolazi iz \u0160panije, koja je poznata po vrlo visokoj kvaliteta keramike u svetu. Plo\u010dica na sliki je 13&#215;13 cm. 9 mm debljina \u0107e zadovoljiti i najzahtevnije kupce. Plo\u010dice roze boje, su letos izuzetno tre\u017eene.<\/p>\n<p>Kliknite na ime serije za sve plo\u010dice u toj seriji: <a class=\"pdfcatal\" href=\"\/\/www.ceramictiles.com\/pdf\/natucer\/catalogue_natucer_venezia.pdf\" onclick=\"recordOutboundLink(this, 'E-mail', 'Description PDF');return false;\">Natucer Ceramica Venezia<\/a><\/p>\n<p>Da bi naru\u010dili model iz PDF kataloga ove serije, molimo vas, da nas kontaktirate na: <a href=\"mailto:zo_mi@ceramictiles.com\" onclick=\"recordOutboundLink(this, 'E-mail', 'Description mail');return false;\">zo_mi@ceramictiles.com<\/a> ili nas pozovite na: For exact offer, PLS send us quantity and product you need with delivery address..<\/p>\n<p>Technical description: <br \/> W 13&#215;39 ; 13&#215;13 ; 6,5&#215;13 <br \/>Venezia Cottone ; Venezia Violetto ; Venezia Erba ; Venezia Mora ; Venezia Mela ; Venezia Pesca ; Venezia Nuvola ; Venezia Noce ; Venezia Indaco ;<\/p>\n","protected":false},"excerpt":{"rendered":"<p>Natucer klinker Venezia Mela je dostupna po vrlo povoljnim cenama 6697,6 RSD. Natucer klinker Venezia Mela dolazi iz \u0160panije, koja je poznata po vrlo visokoj kvaliteta keramike u svetu. Plo\u010dica na sliki je 13&#215;13 cm. 9 mm debljina \u0107e zadovoljiti i najzahtevnije kupce. Plo\u010dice roze boje, su letos izuzetno tre\u017eene. Kliknite na ime serije za [&hellip;]<\/p>\n","protected":false},"featured_media":93226,"template":"","meta":[],"product_cat":[100,9991435,999,120],"product_tag":[],"_links":{"self":[{"href":"https:\/\/www.keramika.com\/srbija\/wp-json\/wp\/v2\/product\/93225"}],"collection":[{"href":"https:\/\/www.keramika.com\/srbija\/wp-json\/wp\/v2\/product"}],"about":[{"href":"https:\/\/www.keramika.com\/srbija\/wp-json\/wp\/v2\/types\/product"}],"wp:featuredmedia":[{"embeddable":true,"href":"https:\/\/www.keramika.com\/srbija\/wp-json\/wp\/v2\/media\/93226"}],"wp:attachment":[{"href":"https:\/\/www.keramika.com\/srbija\/wp-json\/wp\/v2\/media?parent=93225"}],"wp:term":[{"taxonomy":"product_cat","embeddable":true,"href":"https:\/\/www.keramika.com\/srbija\/wp-json\/wp\/v2\/product_cat?post=93225"},{"taxonomy":"product_tag","embeddable":true,"href":"https:\/\/www.keramika.com\/srbija\/wp-json\/wp\/v2\/product_tag?post=93225"}],"curies":[{"name":"wp","href":"https:\/\/api.w.org\/{rel}","templated":true}]}}