{"id":93223,"date":"2017-07-02T04:08:07","date_gmt":"2017-07-02T04:08:07","guid":{"rendered":"http:\/\/www.ceramictiles.com\/srbija\/product\/natucer-klinker-tropical-forest-jatoba\/"},"modified":"2026-01-03T00:00:56","modified_gmt":"2026-01-03T00:00:56","slug":"natucer-klinker-tropical-forest-jatoba","status":"publish","type":"product","link":"https:\/\/www.keramika.com\/srbija\/natucer-klinker-tropical-forest-jatoba\/","title":{"rendered":"Natucer klinker Tropical Forest Jatoba"},"content":{"rendered":"<p>Plo\u010dice dolaze iz \u0160panije, koja je poznata po kvalitetnoj keramiki. Plo\u010dice be\u017e boje, su letos izuzetno tre\u017eene. Veli\u010dina plo\u010dice je 21&#215;60 cm i odli\u010dna je za razli\u010dite povr\u0161ine. Zbog ni\u017eih tro\u0161kova, online prodaje, Vi \u0107e te na na\u0161oj strani ove plo\u010de platiti samo 5376,25 RSD. Ova plo\u010dica je debela 9 mm i zato je izuzetno izdr\u017eljiva.<\/p>\n<p>Kliknite na ime serije za sve plo\u010dice u toj seriji: <a class=\"pdfcatal\" href=\"\/\/www.ceramictiles.com\/pdf\/natucer\/catalogue_natucer_tropical_forest.pdf\" onclick=\"recordOutboundLink(this, 'E-mail', 'Description PDF');return false;\">Natucer Ceramica Tropical Forest<\/a><\/p>\n<p>Da bi naru\u010dili model iz PDF kataloga ove serije, molimo vas, da nas kontaktirate na: <a href=\"mailto:zo_mi@ceramictiles.com\" onclick=\"recordOutboundLink(this, 'E-mail', 'Description mail');return false;\">zo_mi@ceramictiles.com<\/a> ili nas pozovite na: For exact offer, PLS send us quantity and product you need with delivery address..<\/p>\n<p>Technical description: <br \/> F 21&#215;60 ; 10,5&#215;60 <br \/>Tropical Forest Sande ; Tropical Forest Oak ; Tropical Forest Jatoba ; Tropical Forest Elondo ; Tropical Forest Mukaly ; Tropical Forest Ebony ; Tropical Forest Fresno ; Tropical Forest Merbau ; Tropical Forest Cipr\u00e9s ; Tropical Forest Barrique ;<\/p>\n","protected":false},"excerpt":{"rendered":"<p>Plo\u010dice dolaze iz \u0160panije, koja je poznata po kvalitetnoj keramiki. Plo\u010dice be\u017e boje, su letos izuzetno tre\u017eene. Veli\u010dina plo\u010dice je 21&#215;60 cm i odli\u010dna je za razli\u010dite povr\u0161ine. Zbog ni\u017eih tro\u0161kova, online prodaje, Vi \u0107e te na na\u0161oj strani ove plo\u010de platiti samo 5376,25 RSD. Ova plo\u010dica je debela 9 mm i zato je izuzetno [&hellip;]<\/p>\n","protected":false},"featured_media":93224,"template":"","meta":[],"product_cat":[100,9991435,999,120],"product_tag":[],"_links":{"self":[{"href":"https:\/\/www.keramika.com\/srbija\/wp-json\/wp\/v2\/product\/93223"}],"collection":[{"href":"https:\/\/www.keramika.com\/srbija\/wp-json\/wp\/v2\/product"}],"about":[{"href":"https:\/\/www.keramika.com\/srbija\/wp-json\/wp\/v2\/types\/product"}],"wp:featuredmedia":[{"embeddable":true,"href":"https:\/\/www.keramika.com\/srbija\/wp-json\/wp\/v2\/media\/93224"}],"wp:attachment":[{"href":"https:\/\/www.keramika.com\/srbija\/wp-json\/wp\/v2\/media?parent=93223"}],"wp:term":[{"taxonomy":"product_cat","embeddable":true,"href":"https:\/\/www.keramika.com\/srbija\/wp-json\/wp\/v2\/product_cat?post=93223"},{"taxonomy":"product_tag","embeddable":true,"href":"https:\/\/www.keramika.com\/srbija\/wp-json\/wp\/v2\/product_tag?post=93223"}],"curies":[{"name":"wp","href":"https:\/\/api.w.org\/{rel}","templated":true}]}}