{"id":93221,"date":"2017-07-02T04:07:47","date_gmt":"2017-07-02T04:07:47","guid":{"rendered":"http:\/\/www.ceramictiles.com\/srbija\/product\/natucer-klinker-tierras-ibericas-morella\/"},"modified":"2026-01-03T00:00:56","modified_gmt":"2026-01-03T00:00:56","slug":"natucer-klinker-tierras-ibericas-morella","status":"publish","type":"product","link":"https:\/\/www.keramika.com\/srbija\/natucer-klinker-tierras-ibericas-morella\/","title":{"rendered":"Natucer klinker Tierras Ibericas Morella"},"content":{"rendered":"<p>Ta kolekcija, model plo\u010dice, se prodaje najvi\u0161e be\u017e boje. Veli\u010dina 30&#215;30 cm je odli\u010dna za sve podloge. Natucer klinker Tierras Ibericas Morella je proizvod iz \u0160panije te je izuzetno kvalitetna. Plo\u010dica je debela 9 mm, \u0161to je ubraja u tvrde plo\u010dice. 4629,9 RSD je redovna prodajna cena keramike, tu pa samo 3704,15 RSD.<\/p>\n<p>Kliknite na ime serije za sve plo\u010dice u toj seriji: <a class=\"pdfcatal\" href=\"\/\/www.ceramictiles.com\/pdf\/natucer\/catalogue_natucer_tierras_ibericas.pdf\" onclick=\"recordOutboundLink(this, 'E-mail', 'Description PDF');return false;\">Natucer Ceramica Tierras Ibericas<\/a><\/p>\n<p>Da bi naru\u010dili model iz PDF kataloga ove serije, molimo vas, da nas kontaktirate na: <a href=\"mailto:zo_mi@ceramictiles.com\" onclick=\"recordOutboundLink(this, 'E-mail', 'Description mail');return false;\">zo_mi@ceramictiles.com<\/a> ili nas pozovite na: For exact offer, PLS send us quantity and product you need with delivery address..<\/p>\n<p>Technical description: <br \/> F 30&#215;30 <br \/>Tierras Ib\u00e9ricas Ronda ; Tierras Ib\u00e9ricas Cadaqu\u00e9s ; Tierras Ib\u00e9ricas Morella ;<\/p>\n","protected":false},"excerpt":{"rendered":"<p>Ta kolekcija, model plo\u010dice, se prodaje najvi\u0161e be\u017e boje. Veli\u010dina 30&#215;30 cm je odli\u010dna za sve podloge. Natucer klinker Tierras Ibericas Morella je proizvod iz \u0160panije te je izuzetno kvalitetna. Plo\u010dica je debela 9 mm, \u0161to je ubraja u tvrde plo\u010dice. 4629,9 RSD je redovna prodajna cena keramike, tu pa samo 3704,15 RSD. Kliknite na [&hellip;]<\/p>\n","protected":false},"featured_media":93222,"template":"","meta":[],"product_cat":[100,9991435,999,120],"product_tag":[],"_links":{"self":[{"href":"https:\/\/www.keramika.com\/srbija\/wp-json\/wp\/v2\/product\/93221"}],"collection":[{"href":"https:\/\/www.keramika.com\/srbija\/wp-json\/wp\/v2\/product"}],"about":[{"href":"https:\/\/www.keramika.com\/srbija\/wp-json\/wp\/v2\/types\/product"}],"wp:featuredmedia":[{"embeddable":true,"href":"https:\/\/www.keramika.com\/srbija\/wp-json\/wp\/v2\/media\/93222"}],"wp:attachment":[{"href":"https:\/\/www.keramika.com\/srbija\/wp-json\/wp\/v2\/media?parent=93221"}],"wp:term":[{"taxonomy":"product_cat","embeddable":true,"href":"https:\/\/www.keramika.com\/srbija\/wp-json\/wp\/v2\/product_cat?post=93221"},{"taxonomy":"product_tag","embeddable":true,"href":"https:\/\/www.keramika.com\/srbija\/wp-json\/wp\/v2\/product_tag?post=93221"}],"curies":[{"name":"wp","href":"https:\/\/api.w.org\/{rel}","templated":true}]}}