{"id":93219,"date":"2017-07-02T04:07:29","date_gmt":"2017-07-02T04:07:29","guid":{"rendered":"http:\/\/www.ceramictiles.com\/srbija\/product\/natucer-stone-ground\/"},"modified":"2026-01-03T00:00:55","modified_gmt":"2026-01-03T00:00:55","slug":"natucer-stone-ground","status":"publish","type":"product","link":"https:\/\/www.keramika.com\/srbija\/natucer-stone-ground\/","title":{"rendered":"Natucer Stone Ground"},"content":{"rendered":"<p>Plo\u010dice be\u017e boje osvje\u017eit \u0107e svaki prostor. Ova plo\u010dica je debela 9 mm i zato je izuzetno izdr\u017eljiva. Redovna cena, ovih plo\u010dica u maloprodaji je 5260,1 RSD. U na\u0161oj online trgovini, je mo\u017eete kupiti za 4207,85 RSD. Proizvodnja \u0160panije ,koja je poznata u svetu, kao jedana od najboljih proizvo\u0111a\u010da kerami\u010dkih plo\u010dica. Plo\u010dica na sliki je 36&#215;36 cm.<\/p>\n<p>Kliknite na ime serije za sve plo\u010dice u toj seriji: <a class=\"pdfcatal\" href=\"\/\/www.ceramictiles.com\/pdf\/natucer\/catalogue_natucer_stone_klinker.pdf\" onclick=\"recordOutboundLink(this, 'E-mail', 'Description PDF');return false;\">Natucer Ceramica Stone Klinker<\/a><\/p>\n<p>Da bi naru\u010dili model iz PDF kataloga ove serije, molimo vas, da nas kontaktirate na: <a href=\"mailto:zo_mi@ceramictiles.com\" onclick=\"recordOutboundLink(this, 'E-mail', 'Description mail');return false;\">zo_mi@ceramictiles.com<\/a> ili nas pozovite na: For exact offer, PLS send us quantity and product you need with delivery address..<\/p>\n<p>Technical description: <br \/> F 36&#215;54 ; 36&#215;36 ; 18&#215;36 ; 18&#215;18 <br \/>Stone Klinker Desert ; Stone Klinker Park ; Stone Klinker Ground ; Stone Klinker Tobacco ; Stone Klinker Bone ; Stone Klinker Tea ; Stone Klinker Cooper ; Stone Klinker Dun ;<\/p>\n","protected":false},"excerpt":{"rendered":"<p>Plo\u010dice be\u017e boje osvje\u017eit \u0107e svaki prostor. Ova plo\u010dica je debela 9 mm i zato je izuzetno izdr\u017eljiva. Redovna cena, ovih plo\u010dica u maloprodaji je 5260,1 RSD. U na\u0161oj online trgovini, je mo\u017eete kupiti za 4207,85 RSD. Proizvodnja \u0160panije ,koja je poznata u svetu, kao jedana od najboljih proizvo\u0111a\u010da kerami\u010dkih plo\u010dica. Plo\u010dica na sliki je [&hellip;]<\/p>\n","protected":false},"featured_media":93220,"template":"","meta":[],"product_cat":[100,9991435,999,120],"product_tag":[],"_links":{"self":[{"href":"https:\/\/www.keramika.com\/srbija\/wp-json\/wp\/v2\/product\/93219"}],"collection":[{"href":"https:\/\/www.keramika.com\/srbija\/wp-json\/wp\/v2\/product"}],"about":[{"href":"https:\/\/www.keramika.com\/srbija\/wp-json\/wp\/v2\/types\/product"}],"wp:featuredmedia":[{"embeddable":true,"href":"https:\/\/www.keramika.com\/srbija\/wp-json\/wp\/v2\/media\/93220"}],"wp:attachment":[{"href":"https:\/\/www.keramika.com\/srbija\/wp-json\/wp\/v2\/media?parent=93219"}],"wp:term":[{"taxonomy":"product_cat","embeddable":true,"href":"https:\/\/www.keramika.com\/srbija\/wp-json\/wp\/v2\/product_cat?post=93219"},{"taxonomy":"product_tag","embeddable":true,"href":"https:\/\/www.keramika.com\/srbija\/wp-json\/wp\/v2\/product_tag?post=93219"}],"curies":[{"name":"wp","href":"https:\/\/api.w.org\/{rel}","templated":true}]}}