{"id":93211,"date":"2017-07-02T04:06:12","date_gmt":"2017-07-02T04:06:12","guid":{"rendered":"http:\/\/www.ceramictiles.com\/srbija\/product\/natucer-klinker-rioja-abalos\/"},"modified":"2026-01-03T00:00:54","modified_gmt":"2026-01-03T00:00:54","slug":"natucer-klinker-rioja-abalos","status":"publish","type":"product","link":"https:\/\/www.keramika.com\/srbija\/natucer-klinker-rioja-abalos\/","title":{"rendered":"Natucer klinker Rioja Abalos"},"content":{"rendered":"<p>Dimenzije ovih plo\u010dica su 10,5&#215;60 cm. Debljina plo\u010dice, je vrlo va\u017ena 9 mm i ubraja tu plo\u010dicu me\u0111u najkvalitetnije. Online cena je samo 6697,6 RSD, dok redovna, maloprodajna cena 8372 RSD. plo\u010dica proizvo\u0111a\u010da Natucer Ceramica iz \u0160panije. Plo\u010dice braon boje, su letos izuzetno tre\u017eene.<\/p>\n<p>Kliknite na ime serije za sve plo\u010dice u toj seriji: <a class=\"pdfcatal\" href=\"\/\/www.ceramictiles.com\/pdf\/natucer\/catalogue_natucer_rioja_plume.pdf\" onclick=\"recordOutboundLink(this, 'E-mail', 'Description PDF');return false;\">Natucer Ceramica Rioja<\/a><\/p>\n<p>Da bi naru\u010dili model iz PDF kataloga ove serije, molimo vas, da nas kontaktirate na: <a href=\"mailto:zo_mi@ceramictiles.com\" onclick=\"recordOutboundLink(this, 'E-mail', 'Description mail');return false;\">zo_mi@ceramictiles.com<\/a> ili nas pozovite na: For exact offer, PLS send us quantity and product you need with delivery address..<\/p>\n<p>Technical description: <br \/> F 21&#215;60 ; 10,5&#215;60 ; 10,5&#215;59 <br \/>Rioja Logro\u00f1o ; Rioja Haro ; Rioja Najera ; Rioja Laguardia ; Rioja Briones ; Rioja Abalos ;<\/p>\n","protected":false},"excerpt":{"rendered":"<p>Dimenzije ovih plo\u010dica su 10,5&#215;60 cm. Debljina plo\u010dice, je vrlo va\u017ena 9 mm i ubraja tu plo\u010dicu me\u0111u najkvalitetnije. Online cena je samo 6697,6 RSD, dok redovna, maloprodajna cena 8372 RSD. plo\u010dica proizvo\u0111a\u010da Natucer Ceramica iz \u0160panije. Plo\u010dice braon boje, su letos izuzetno tre\u017eene. Kliknite na ime serije za sve plo\u010dice u toj seriji: Natucer [&hellip;]<\/p>\n","protected":false},"featured_media":93212,"template":"","meta":[],"product_cat":[150,100,9991435,999,110,120],"product_tag":[],"_links":{"self":[{"href":"https:\/\/www.keramika.com\/srbija\/wp-json\/wp\/v2\/product\/93211"}],"collection":[{"href":"https:\/\/www.keramika.com\/srbija\/wp-json\/wp\/v2\/product"}],"about":[{"href":"https:\/\/www.keramika.com\/srbija\/wp-json\/wp\/v2\/types\/product"}],"wp:featuredmedia":[{"embeddable":true,"href":"https:\/\/www.keramika.com\/srbija\/wp-json\/wp\/v2\/media\/93212"}],"wp:attachment":[{"href":"https:\/\/www.keramika.com\/srbija\/wp-json\/wp\/v2\/media?parent=93211"}],"wp:term":[{"taxonomy":"product_cat","embeddable":true,"href":"https:\/\/www.keramika.com\/srbija\/wp-json\/wp\/v2\/product_cat?post=93211"},{"taxonomy":"product_tag","embeddable":true,"href":"https:\/\/www.keramika.com\/srbija\/wp-json\/wp\/v2\/product_tag?post=93211"}],"curies":[{"name":"wp","href":"https:\/\/api.w.org\/{rel}","templated":true}]}}