{"id":93203,"date":"2017-07-02T04:04:58","date_gmt":"2017-07-02T04:04:58","guid":{"rendered":"http:\/\/www.ceramictiles.com\/srbija\/product\/natucer-klinker-piemonte-torino\/"},"modified":"2026-01-03T00:00:53","modified_gmt":"2026-01-03T00:00:53","slug":"natucer-klinker-piemonte-torino","status":"publish","type":"product","link":"https:\/\/www.keramika.com\/srbija\/natucer-klinker-piemonte-torino\/","title":{"rendered":"Natucer klinker Piemonte Torino"},"content":{"rendered":"<p>Plo\u010dice dolaze iz \u0160panije, koja je poznata po kvalitetnoj keramiki. 9 mm debljine je dovoljno za zahtevnije kupce. Plo\u010dica 36&#215;36 cm je dobra za ve\u0107 razli\u010ditih namena. U izboru plo\u010dica braon boje, ne mo\u017eete pogre\u0161iti. Natucer klinker Piemonte Torino je dostupna po vrlo povoljnim cenama 4207,85 RSD.<\/p>\n<p>Kliknite na ime serije za sve plo\u010dice u toj seriji: <a class=\"pdfcatal\" href=\"\/\/www.ceramictiles.com\/pdf\/natucer\/catalogue_natucer_piemonte.pdf\" onclick=\"recordOutboundLink(this, 'E-mail', 'Description PDF');return false;\">Natucer Ceramica Piemonte<\/a><\/p>\n<p>Da bi naru\u010dili model iz PDF kataloga ove serije, molimo vas, da nas kontaktirate na: <a href=\"mailto:zo_mi@ceramictiles.com\" onclick=\"recordOutboundLink(this, 'E-mail', 'Description mail');return false;\">zo_mi@ceramictiles.com<\/a> ili nas pozovite na: For exact offer, PLS send us quantity and product you need with delivery address..<\/p>\n<p>Technical description: <br \/> F 36&#215;36 ; 15,5&#215;36 ; 15,5&#215;15,5 ; 18&#215;36 ; 18&#215;18 <br \/>Piemonte Asti ; Piemonte Novara ; Piemonte Torino ; Piemonte Alessandria ; Piemonte Biella ; Piemonte Vercelli ;<\/p>\n","protected":false},"excerpt":{"rendered":"<p>Plo\u010dice dolaze iz \u0160panije, koja je poznata po kvalitetnoj keramiki. 9 mm debljine je dovoljno za zahtevnije kupce. Plo\u010dica 36&#215;36 cm je dobra za ve\u0107 razli\u010ditih namena. U izboru plo\u010dica braon boje, ne mo\u017eete pogre\u0161iti. Natucer klinker Piemonte Torino je dostupna po vrlo povoljnim cenama 4207,85 RSD. Kliknite na ime serije za sve plo\u010dice u [&hellip;]<\/p>\n","protected":false},"featured_media":93204,"template":"","meta":[],"product_cat":[100,9991435,999,120],"product_tag":[],"_links":{"self":[{"href":"https:\/\/www.keramika.com\/srbija\/wp-json\/wp\/v2\/product\/93203"}],"collection":[{"href":"https:\/\/www.keramika.com\/srbija\/wp-json\/wp\/v2\/product"}],"about":[{"href":"https:\/\/www.keramika.com\/srbija\/wp-json\/wp\/v2\/types\/product"}],"wp:featuredmedia":[{"embeddable":true,"href":"https:\/\/www.keramika.com\/srbija\/wp-json\/wp\/v2\/media\/93204"}],"wp:attachment":[{"href":"https:\/\/www.keramika.com\/srbija\/wp-json\/wp\/v2\/media?parent=93203"}],"wp:term":[{"taxonomy":"product_cat","embeddable":true,"href":"https:\/\/www.keramika.com\/srbija\/wp-json\/wp\/v2\/product_cat?post=93203"},{"taxonomy":"product_tag","embeddable":true,"href":"https:\/\/www.keramika.com\/srbija\/wp-json\/wp\/v2\/product_tag?post=93203"}],"curies":[{"name":"wp","href":"https:\/\/api.w.org\/{rel}","templated":true}]}}