{"id":93201,"date":"2017-07-02T04:04:42","date_gmt":"2017-07-02T04:04:42","guid":{"rendered":"http:\/\/www.ceramictiles.com\/srbija\/product\/natucer-klinker-piastrella-ocra\/"},"modified":"2026-01-03T00:00:53","modified_gmt":"2026-01-03T00:00:53","slug":"natucer-klinker-piastrella-ocra","status":"publish","type":"product","link":"https:\/\/www.keramika.com\/srbija\/natucer-klinker-piastrella-ocra\/","title":{"rendered":"Natucer klinker Piastrella Ocra"},"content":{"rendered":"<p>Veli\u010dina ove plo\u010dice je 15&#215;50 cm. Ta kolekcija, model plo\u010dice, se prodaje najvi\u0161e bele boje. Natucer klinker Piastrella Ocra je proizvod iz \u0160panije te je izuzetno kvalitetna. Redovna cena, ovih plo\u010dica u maloprodaji je 7297,9 RSD. U na\u0161oj online trgovini, je mo\u017eete kupiti za 5838,55 RSD. 9 mm debljina \u0107e zadovoljiti i najzahtevnije kupce.<\/p>\n<p>Kliknite na ime serije za sve plo\u010dice u toj seriji: <a class=\"pdfcatal\" href=\"\/\/www.ceramictiles.com\/pdf\/natucer\/catalogue_natucer_piastrella.pdf\" onclick=\"recordOutboundLink(this, 'E-mail', 'Description PDF');return false;\">Natucer Ceramica Piastrella<\/a><\/p>\n<p>Da bi naru\u010dili model iz PDF kataloga ove serije, molimo vas, da nas kontaktirate na: <a href=\"mailto:zo_mi@ceramictiles.com\" onclick=\"recordOutboundLink(this, 'E-mail', 'Description mail');return false;\">zo_mi@ceramictiles.com<\/a> ili nas pozovite na: For exact offer, PLS send us quantity and product you need with delivery address..<\/p>\n<p>Technical description: <br \/> W 15&#215;50 ; 5&#215;50 ; 5&#215;25 <br \/>Piastrella Ocra ; Piastrella Freddo ; Piastrella Greggio ; Piastrella Naturale ; Piastrella Tostato ; Piastrella Marengo ; Piastrella Vento ; Piastrella Marrone ; Piastrella Cupo ;<\/p>\n","protected":false},"excerpt":{"rendered":"<p>Veli\u010dina ove plo\u010dice je 15&#215;50 cm. Ta kolekcija, model plo\u010dice, se prodaje najvi\u0161e bele boje. Natucer klinker Piastrella Ocra je proizvod iz \u0160panije te je izuzetno kvalitetna. Redovna cena, ovih plo\u010dica u maloprodaji je 7297,9 RSD. U na\u0161oj online trgovini, je mo\u017eete kupiti za 5838,55 RSD. 9 mm debljina \u0107e zadovoljiti i najzahtevnije kupce. Kliknite [&hellip;]<\/p>\n","protected":false},"featured_media":93202,"template":"","meta":[],"product_cat":[100,9991435,999,120],"product_tag":[],"_links":{"self":[{"href":"https:\/\/www.keramika.com\/srbija\/wp-json\/wp\/v2\/product\/93201"}],"collection":[{"href":"https:\/\/www.keramika.com\/srbija\/wp-json\/wp\/v2\/product"}],"about":[{"href":"https:\/\/www.keramika.com\/srbija\/wp-json\/wp\/v2\/types\/product"}],"wp:featuredmedia":[{"embeddable":true,"href":"https:\/\/www.keramika.com\/srbija\/wp-json\/wp\/v2\/media\/93202"}],"wp:attachment":[{"href":"https:\/\/www.keramika.com\/srbija\/wp-json\/wp\/v2\/media?parent=93201"}],"wp:term":[{"taxonomy":"product_cat","embeddable":true,"href":"https:\/\/www.keramika.com\/srbija\/wp-json\/wp\/v2\/product_cat?post=93201"},{"taxonomy":"product_tag","embeddable":true,"href":"https:\/\/www.keramika.com\/srbija\/wp-json\/wp\/v2\/product_tag?post=93201"}],"curies":[{"name":"wp","href":"https:\/\/api.w.org\/{rel}","templated":true}]}}