{"id":93199,"date":"2017-07-02T04:04:24","date_gmt":"2017-07-02T04:04:24","guid":{"rendered":"http:\/\/www.ceramictiles.com\/srbija\/product\/natucer-klinker-pause-start-brun\/"},"modified":"2026-01-03T00:00:52","modified_gmt":"2026-01-03T00:00:52","slug":"natucer-klinker-pause-start-brun","status":"publish","type":"product","link":"https:\/\/www.keramika.com\/srbija\/natucer-klinker-pause-start-brun\/","title":{"rendered":"Natucer klinker Pause Start Brun"},"content":{"rendered":"<p>5260,1 RSD je redovna prodajna cena keramike, tu pa samo 4207,85 RSD. Ova plo\u010dica je debela 9 mm i zato je izuzetno izdr\u017eljiva. Ove braon kerami\u010dke plo\u010dice, obogatit \u0107e svaki prostor. Ove plo\u010dice dolaze od proizvo\u0111a\u010da Natucer Ceramica, iz \u0160panije. Dimenzije ovih plo\u010dica su 20&#215;40 cm.<\/p>\n<p>Kliknite na ime serije za sve plo\u010dice u toj seriji: <a class=\"pdfcatal\" href=\"\/\/www.ceramictiles.com\/pdf\/natucer\/catalogue_natucer_pause.pdf\" onclick=\"recordOutboundLink(this, 'E-mail', 'Description PDF');return false;\">Natucer Ceramica Pause<\/a><\/p>\n<p>Da bi naru\u010dili model iz PDF kataloga ove serije, molimo vas, da nas kontaktirate na: <a href=\"mailto:zo_mi@ceramictiles.com\" onclick=\"recordOutboundLink(this, 'E-mail', 'Description mail');return false;\">zo_mi@ceramictiles.com<\/a> ili nas pozovite na: For exact offer, PLS send us quantity and product you need with delivery address..<\/p>\n<p>Technical description: <br \/> W 20&#215;40 <br \/>Pause Start Blanc ; Pause Near Blanc ; Pause Start Cuir ; Pause Near Cuir ; Pause Start Brun ; Pause Near Brun ; Pause Start Noir ; Pause Near Noir ; Pause Start Grise ; Pause Near Grise ;<\/p>\n","protected":false},"excerpt":{"rendered":"<p>5260,1 RSD je redovna prodajna cena keramike, tu pa samo 4207,85 RSD. Ova plo\u010dica je debela 9 mm i zato je izuzetno izdr\u017eljiva. Ove braon kerami\u010dke plo\u010dice, obogatit \u0107e svaki prostor. Ove plo\u010dice dolaze od proizvo\u0111a\u010da Natucer Ceramica, iz \u0160panije. Dimenzije ovih plo\u010dica su 20&#215;40 cm. Kliknite na ime serije za sve plo\u010dice u toj [&hellip;]<\/p>\n","protected":false},"featured_media":93200,"template":"","meta":[],"product_cat":[100,9991435,999,120],"product_tag":[],"_links":{"self":[{"href":"https:\/\/www.keramika.com\/srbija\/wp-json\/wp\/v2\/product\/93199"}],"collection":[{"href":"https:\/\/www.keramika.com\/srbija\/wp-json\/wp\/v2\/product"}],"about":[{"href":"https:\/\/www.keramika.com\/srbija\/wp-json\/wp\/v2\/types\/product"}],"wp:featuredmedia":[{"embeddable":true,"href":"https:\/\/www.keramika.com\/srbija\/wp-json\/wp\/v2\/media\/93200"}],"wp:attachment":[{"href":"https:\/\/www.keramika.com\/srbija\/wp-json\/wp\/v2\/media?parent=93199"}],"wp:term":[{"taxonomy":"product_cat","embeddable":true,"href":"https:\/\/www.keramika.com\/srbija\/wp-json\/wp\/v2\/product_cat?post=93199"},{"taxonomy":"product_tag","embeddable":true,"href":"https:\/\/www.keramika.com\/srbija\/wp-json\/wp\/v2\/product_tag?post=93199"}],"curies":[{"name":"wp","href":"https:\/\/api.w.org\/{rel}","templated":true}]}}