{"id":93193,"date":"2017-07-02T04:03:27","date_gmt":"2017-07-02T04:03:27","guid":{"rendered":"http:\/\/www.ceramictiles.com\/srbija\/product\/natucer-klinker-novecento-camel\/"},"modified":"2026-01-03T00:00:51","modified_gmt":"2026-01-03T00:00:51","slug":"natucer-klinker-novecento-camel","status":"publish","type":"product","link":"https:\/\/www.keramika.com\/srbija\/natucer-klinker-novecento-camel\/","title":{"rendered":"Natucer klinker Novecento Camel"},"content":{"rendered":"<p>U maloprodaji bi morali za tu plo\u010dicu platiti 11328,65 RSD, online cena je samo 9062 RSD. Natucer klinker Novecento Camel dolazi iz \u0160panije, koja je poznata po vrlo visokoj kvaliteta keramike u svetu. Veli\u010dina ove plo\u010dice je 13&#215;13 cm. Plo\u010dice \u017eute boje, su letos izuzetno tre\u017eene. Debljina plo\u010dice, je vrlo va\u017ena 9 mm i ubraja tu plo\u010dicu me\u0111u najkvalitetnije.<\/p>\n<p>Kliknite na ime serije za sve plo\u010dice u toj seriji: <a class=\"pdfcatal\" href=\"\/\/www.ceramictiles.com\/pdf\/natucer\/catalogue_natucer_noveccento.pdf\" onclick=\"recordOutboundLink(this, 'E-mail', 'Description PDF');return false;\">Natucer Ceramica Noveccento<\/a><\/p>\n<p>Da bi naru\u010dili model iz PDF kataloga ove serije, molimo vas, da nas kontaktirate na: <a href=\"mailto:zo_mi@ceramictiles.com\" onclick=\"recordOutboundLink(this, 'E-mail', 'Description mail');return false;\">zo_mi@ceramictiles.com<\/a> ili nas pozovite na: For exact offer, PLS send us quantity and product you need with delivery address..<\/p>\n<p>Technical description: <br \/> W 13&#215;39 ; 13&#215;13 ; 6,5&#215;13 <br \/>Novecento Blanco Viejo ; Novecento Blanco Silencio ; Novecento Canela ; Novecento Burdeos ; Novecento Camel ; Novecento Aguamarina ; Novecento Verd\u00edn ; Novecento Cobalto ;<\/p>\n","protected":false},"excerpt":{"rendered":"<p>U maloprodaji bi morali za tu plo\u010dicu platiti 11328,65 RSD, online cena je samo 9062 RSD. Natucer klinker Novecento Camel dolazi iz \u0160panije, koja je poznata po vrlo visokoj kvaliteta keramike u svetu. Veli\u010dina ove plo\u010dice je 13&#215;13 cm. Plo\u010dice \u017eute boje, su letos izuzetno tre\u017eene. Debljina plo\u010dice, je vrlo va\u017ena 9 mm i ubraja [&hellip;]<\/p>\n","protected":false},"featured_media":93194,"template":"","meta":[],"product_cat":[100,9991435,999,120],"product_tag":[],"_links":{"self":[{"href":"https:\/\/www.keramika.com\/srbija\/wp-json\/wp\/v2\/product\/93193"}],"collection":[{"href":"https:\/\/www.keramika.com\/srbija\/wp-json\/wp\/v2\/product"}],"about":[{"href":"https:\/\/www.keramika.com\/srbija\/wp-json\/wp\/v2\/types\/product"}],"wp:featuredmedia":[{"embeddable":true,"href":"https:\/\/www.keramika.com\/srbija\/wp-json\/wp\/v2\/media\/93194"}],"wp:attachment":[{"href":"https:\/\/www.keramika.com\/srbija\/wp-json\/wp\/v2\/media?parent=93193"}],"wp:term":[{"taxonomy":"product_cat","embeddable":true,"href":"https:\/\/www.keramika.com\/srbija\/wp-json\/wp\/v2\/product_cat?post=93193"},{"taxonomy":"product_tag","embeddable":true,"href":"https:\/\/www.keramika.com\/srbija\/wp-json\/wp\/v2\/product_tag?post=93193"}],"curies":[{"name":"wp","href":"https:\/\/api.w.org\/{rel}","templated":true}]}}