{"id":93191,"date":"2017-07-02T04:03:06","date_gmt":"2017-07-02T04:03:06","guid":{"rendered":"http:\/\/www.ceramictiles.com\/srbija\/product\/natucer-klinker-nobleza-grana-porc\/"},"modified":"2026-01-03T00:00:51","modified_gmt":"2026-01-03T00:00:51","slug":"natucer-klinker-nobleza-grana-porc","status":"publish","type":"product","link":"https:\/\/www.keramika.com\/srbija\/natucer-klinker-nobleza-grana-porc\/","title":{"rendered":"Natucer klinker Nobleza Grana Porc."},"content":{"rendered":"<p>4318,25 RSD je redovna prodajna cena keramike, tu pa samo 3454,6 RSD. Plo\u010dice dolaze iz \u0160panije, koja je poznata po kvalitetnoj keramiki. Plo\u010dica 30&#215;30 cm je dobra za ve\u0107 razli\u010ditih namena. U izboru plo\u010dica crvene boje, ne mo\u017eete pogre\u0161iti. Debljina plo\u010dice, je vrlo va\u017ena 9 mm i ubraja tu plo\u010dicu me\u0111u najkvalitetnije.<\/p>\n<p>Kliknite na ime serije za sve plo\u010dice u toj seriji: <a class=\"pdfcatal\" href=\"\/\/www.ceramictiles.com\/pdf\/natucer\/catalogue_natucer_nobleza.pdf\" onclick=\"recordOutboundLink(this, 'E-mail', 'Description PDF');return false;\">Natucer Ceramica Nobleza<\/a><\/p>\n<p>Da bi naru\u010dili model iz PDF kataloga ove serije, molimo vas, da nas kontaktirate na: <a href=\"mailto:zo_mi@ceramictiles.com\" onclick=\"recordOutboundLink(this, 'E-mail', 'Description mail');return false;\">zo_mi@ceramictiles.com<\/a> ili nas pozovite na: For exact offer, PLS send us quantity and product you need with delivery address..<\/p>\n<p>Technical description: <br \/> F 30&#215;30 ; 25&#215;25 <br \/>Nobleza Niebla Porc. ; Nobleza Topacio Porc. ; Nobleza Grana Porc. ;<\/p>\n","protected":false},"excerpt":{"rendered":"<p>4318,25 RSD je redovna prodajna cena keramike, tu pa samo 3454,6 RSD. Plo\u010dice dolaze iz \u0160panije, koja je poznata po kvalitetnoj keramiki. Plo\u010dica 30&#215;30 cm je dobra za ve\u0107 razli\u010ditih namena. U izboru plo\u010dica crvene boje, ne mo\u017eete pogre\u0161iti. Debljina plo\u010dice, je vrlo va\u017ena 9 mm i ubraja tu plo\u010dicu me\u0111u najkvalitetnije. Kliknite na ime [&hellip;]<\/p>\n","protected":false},"featured_media":93192,"template":"","meta":[],"product_cat":[100,9991435,999,120],"product_tag":[],"_links":{"self":[{"href":"https:\/\/www.keramika.com\/srbija\/wp-json\/wp\/v2\/product\/93191"}],"collection":[{"href":"https:\/\/www.keramika.com\/srbija\/wp-json\/wp\/v2\/product"}],"about":[{"href":"https:\/\/www.keramika.com\/srbija\/wp-json\/wp\/v2\/types\/product"}],"wp:featuredmedia":[{"embeddable":true,"href":"https:\/\/www.keramika.com\/srbija\/wp-json\/wp\/v2\/media\/93192"}],"wp:attachment":[{"href":"https:\/\/www.keramika.com\/srbija\/wp-json\/wp\/v2\/media?parent=93191"}],"wp:term":[{"taxonomy":"product_cat","embeddable":true,"href":"https:\/\/www.keramika.com\/srbija\/wp-json\/wp\/v2\/product_cat?post=93191"},{"taxonomy":"product_tag","embeddable":true,"href":"https:\/\/www.keramika.com\/srbija\/wp-json\/wp\/v2\/product_tag?post=93191"}],"curies":[{"name":"wp","href":"https:\/\/api.w.org\/{rel}","templated":true}]}}