{"id":93183,"date":"2017-07-03T04:01:57","date_gmt":"2017-07-03T04:01:57","guid":{"rendered":"http:\/\/www.ceramictiles.com\/srbija\/product\/natucer-klinker-mare-nostrum-messina\/"},"modified":"2026-01-03T00:00:49","modified_gmt":"2026-01-03T00:00:49","slug":"natucer-klinker-mare-nostrum-messina","status":"publish","type":"product","link":"https:\/\/www.keramika.com\/srbija\/natucer-klinker-mare-nostrum-messina\/","title":{"rendered":"Natucer klinker Mare Nostrum Messina"},"content":{"rendered":"<p>plo\u010dica proizvo\u0111a\u010da Natucer Ceramica iz \u0160panije. 9 mm debljina \u0107e zadovoljiti i najzahtevnije kupce. Zbog ni\u017eih tro\u0161kova, online prodaje, Vi \u0107e te na na\u0161oj strani ove plo\u010de platiti samo 4207,85 RSD. \u0160irina i du\u017eina plo\u010dice su 36&#215;36 cm. Ta kolekcija, model plo\u010dice, se prodaje najvi\u0161e plave boje.<\/p>\n<p>Kliknite na ime serije za sve plo\u010dice u toj seriji: <a class=\"pdfcatal\" href=\"\/\/www.ceramictiles.com\/pdf\/natucer\/catalogue_natucer_mare_nostrum_pav.pdf\">Natucer Ceramica Mare Nostrum Pav<\/a><\/p>\n<p>Technical description:<br \/>\nF 36&#215;36 ; 18&#215;18<br \/>\nMare Nostrum Ibiza ; Mare Nostrum M\u00f3naco ; Mare Nostrum Atenas ; Mare Nostrum Chipre ; Mare Nostrum G\u00e9nova ; Mare Nostrum Niza ; Mare Nostrum Creta ; Mare Nostrum N\u00e1poles ; Mare Nostrum Barcelona ; Mare Nostrum Messina ;<br \/>\n10 boja: Ibiza ; Chipre ; Creta ; Barcelona ; M\u00f3naco ; G\u00e9nova ; N\u00e1poles &amp; Messina<br \/>\n3 veli\u010dine: 36X36 \u00b7 14&#8243;X14&#8243; ; 18X18 \u00b7 7&#8243;X7&#8243; &amp; 26,5X20,5 \u00b7 10,3&#8243;X8&#8243;<br \/>\n3 specijalni komadi: Listone ; Romo &amp; Z\u00f3calo<br \/>\n1 povr\u0161ina<\/p>\n","protected":false},"excerpt":{"rendered":"<p>plo\u010dica proizvo\u0111a\u010da Natucer Ceramica iz \u0160panije. 9 mm debljina \u0107e zadovoljiti i najzahtevnije kupce. Zbog ni\u017eih tro\u0161kova, online prodaje, Vi \u0107e te na na\u0161oj strani ove plo\u010de platiti samo 4207,85 RSD. \u0160irina i du\u017eina plo\u010dice su 36&#215;36 cm. Ta kolekcija, model plo\u010dice, se prodaje najvi\u0161e plave boje. Kliknite na ime serije za sve plo\u010dice u [&hellip;]<\/p>\n","protected":false},"featured_media":93184,"template":"","meta":[],"product_cat":[100,9991435,999,120],"product_tag":[99950098,99950099,99950090,99950097],"_links":{"self":[{"href":"https:\/\/www.keramika.com\/srbija\/wp-json\/wp\/v2\/product\/93183"}],"collection":[{"href":"https:\/\/www.keramika.com\/srbija\/wp-json\/wp\/v2\/product"}],"about":[{"href":"https:\/\/www.keramika.com\/srbija\/wp-json\/wp\/v2\/types\/product"}],"wp:featuredmedia":[{"embeddable":true,"href":"https:\/\/www.keramika.com\/srbija\/wp-json\/wp\/v2\/media\/93184"}],"wp:attachment":[{"href":"https:\/\/www.keramika.com\/srbija\/wp-json\/wp\/v2\/media?parent=93183"}],"wp:term":[{"taxonomy":"product_cat","embeddable":true,"href":"https:\/\/www.keramika.com\/srbija\/wp-json\/wp\/v2\/product_cat?post=93183"},{"taxonomy":"product_tag","embeddable":true,"href":"https:\/\/www.keramika.com\/srbija\/wp-json\/wp\/v2\/product_tag?post=93183"}],"curies":[{"name":"wp","href":"https:\/\/api.w.org\/{rel}","templated":true}]}}