{"id":93177,"date":"2017-09-21T04:00:58","date_gmt":"2017-09-21T04:00:58","guid":{"rendered":"http:\/\/www.ceramictiles.com\/srbija\/product\/natucer-klinker-liebana-cueva\/"},"modified":"2026-01-03T00:00:48","modified_gmt":"2026-01-03T00:00:48","slug":"natucer-klinker-fusion","status":"publish","type":"product","link":"https:\/\/www.keramika.com\/srbija\/natucer-klinker-fusion\/","title":{"rendered":"Natucer klinker fusion"},"content":{"rendered":"<p>Plo\u010dica je debela 9 mm, \u0161to je ubraja u tvrde plo\u010dice. Natucer klinker Liebana Cueva je dostupna po vrlo povoljnim cenama 4207,85 RSD. Ove braon kerami\u010dke plo\u010dice, obogatit \u0107e svaki prostor. \u0160irina i du\u017eina plo\u010dice su 36&#215;36 cm. plo\u010dica proizvo\u0111a\u010da Natucer Ceramica iz \u0160panije.<\/p>\n<p>Kliknite na ime serije za sve plo\u010dice u toj seriji: <a class=\"pdfcatal\" href=\"\/\/www.ceramictiles.com\/pdf\/catalogue_natucer.pdf\">Natucer Ceramica fusion<\/a><\/p>\n<p>Tehni\u010dki opis:<br \/>\n4 boje: Sand; Iron; Clay; Mund<br \/>\n5 Veli\u010dine: 36&#215;36 &#8211; 36&#215;60 &#8211; 36&#215;41,5 &#8211; 30&#215;21,5 &#8211; 26,5&#215;20,5<br \/>\n5 Posebni komadi: Peldano Curvo &#8211; Angulo Peldano Curvo &#8211; Ang. Peldano Curvo 1Pz &#8211; Zocalo &#8211; Zankuin<br \/>\n1 povr\u0161ina<\/p>\n","protected":false},"excerpt":{"rendered":"<p>\u0160estougaoni klinker (porcelan ekstrudirana plo\u010dica &#8211; mat povr\u0161ina) R9 &#8211; Klasa II<\/p>\n","protected":false},"featured_media":99595,"template":"","meta":[],"product_cat":[99,150,100,9991435,999,110,120],"product_tag":[99950100,99950089,99950098,99950099,99950091],"_links":{"self":[{"href":"https:\/\/www.keramika.com\/srbija\/wp-json\/wp\/v2\/product\/93177"}],"collection":[{"href":"https:\/\/www.keramika.com\/srbija\/wp-json\/wp\/v2\/product"}],"about":[{"href":"https:\/\/www.keramika.com\/srbija\/wp-json\/wp\/v2\/types\/product"}],"wp:featuredmedia":[{"embeddable":true,"href":"https:\/\/www.keramika.com\/srbija\/wp-json\/wp\/v2\/media\/99595"}],"wp:attachment":[{"href":"https:\/\/www.keramika.com\/srbija\/wp-json\/wp\/v2\/media?parent=93177"}],"wp:term":[{"taxonomy":"product_cat","embeddable":true,"href":"https:\/\/www.keramika.com\/srbija\/wp-json\/wp\/v2\/product_cat?post=93177"},{"taxonomy":"product_tag","embeddable":true,"href":"https:\/\/www.keramika.com\/srbija\/wp-json\/wp\/v2\/product_tag?post=93177"}],"curies":[{"name":"wp","href":"https:\/\/api.w.org\/{rel}","templated":true}]}}