{"id":93175,"date":"2017-07-02T04:00:37","date_gmt":"2017-07-02T04:00:37","guid":{"rendered":"http:\/\/www.ceramictiles.com\/srbija\/product\/natucer-klinker-legno-antiquo-brindisi\/"},"modified":"2026-01-03T00:00:48","modified_gmt":"2026-01-03T00:00:48","slug":"natucer-klinker-legno-antiquo-brindisi","status":"publish","type":"product","link":"https:\/\/www.keramika.com\/srbija\/natucer-klinker-legno-antiquo-brindisi\/","title":{"rendered":"Natucer klinker Legno Antiquo Brindisi"},"content":{"rendered":"<p>U izboru plo\u010dica sive boje, ne mo\u017eete pogre\u0161iti. Plo\u010dica 21&#215;60 cm je dobra za ve\u0107 razli\u010ditih namena. Zbog ni\u017eih tro\u0161kova, online prodaje, Vi \u0107e te na na\u0161oj strani ove plo\u010de platiti samo 4761 RSD. Natucer klinker Legno Antiquo Brindisi dolazi iz \u0160panije, koja je poznata po vrlo visokoj kvaliteta keramike u svetu. Plo\u010dica je debela 9 mm, \u0161to je ubraja u tvrde plo\u010dice.<\/p>\n<p>Kliknite na ime serije za sve plo\u010dice u toj seriji: <a class=\"pdfcatal\" href=\"\/\/www.ceramictiles.com\/pdf\/natucer\/catalogue_natucer_legno_antiqo.pdf\" onclick=\"recordOutboundLink(this, 'E-mail', 'Description PDF');return false;\">Natucer Ceramica Legno Antiqo<\/a><\/p>\n<p>Da bi naru\u010dili model iz PDF kataloga ove serije, molimo vas, da nas kontaktirate na: <a href=\"mailto:zo_mi@ceramictiles.com\" onclick=\"recordOutboundLink(this, 'E-mail', 'Description mail');return false;\">zo_mi@ceramictiles.com<\/a> ili nas pozovite na: For exact offer, PLS send us quantity and product you need with delivery address..<\/p>\n<p>Technical description: <br \/> F 21&#215;60 ; 10,5&#215;60 <br \/>Legno Antiquo Brindisi ; Legno Antiquo Viterbo ; Legno Antiquo Tivoli ; Legno Antiquo Ancona ;<\/p>\n","protected":false},"excerpt":{"rendered":"<p>U izboru plo\u010dica sive boje, ne mo\u017eete pogre\u0161iti. Plo\u010dica 21&#215;60 cm je dobra za ve\u0107 razli\u010ditih namena. Zbog ni\u017eih tro\u0161kova, online prodaje, Vi \u0107e te na na\u0161oj strani ove plo\u010de platiti samo 4761 RSD. Natucer klinker Legno Antiquo Brindisi dolazi iz \u0160panije, koja je poznata po vrlo visokoj kvaliteta keramike u svetu. Plo\u010dica je debela [&hellip;]<\/p>\n","protected":false},"featured_media":93176,"template":"","meta":[],"product_cat":[150,100,9991435,999,110,120],"product_tag":[],"_links":{"self":[{"href":"https:\/\/www.keramika.com\/srbija\/wp-json\/wp\/v2\/product\/93175"}],"collection":[{"href":"https:\/\/www.keramika.com\/srbija\/wp-json\/wp\/v2\/product"}],"about":[{"href":"https:\/\/www.keramika.com\/srbija\/wp-json\/wp\/v2\/types\/product"}],"wp:featuredmedia":[{"embeddable":true,"href":"https:\/\/www.keramika.com\/srbija\/wp-json\/wp\/v2\/media\/93176"}],"wp:attachment":[{"href":"https:\/\/www.keramika.com\/srbija\/wp-json\/wp\/v2\/media?parent=93175"}],"wp:term":[{"taxonomy":"product_cat","embeddable":true,"href":"https:\/\/www.keramika.com\/srbija\/wp-json\/wp\/v2\/product_cat?post=93175"},{"taxonomy":"product_tag","embeddable":true,"href":"https:\/\/www.keramika.com\/srbija\/wp-json\/wp\/v2\/product_tag?post=93175"}],"curies":[{"name":"wp","href":"https:\/\/api.w.org\/{rel}","templated":true}]}}