{"id":93173,"date":"2017-07-02T04:00:20","date_gmt":"2017-07-02T04:00:20","guid":{"rendered":"http:\/\/www.ceramictiles.com\/srbija\/product\/natucer-klinker-laguna-grande-tietar\/"},"modified":"2026-01-03T00:00:48","modified_gmt":"2026-01-03T00:00:48","slug":"natucer-klinker-laguna-grande-tietar","status":"publish","type":"product","link":"https:\/\/www.keramika.com\/srbija\/natucer-klinker-laguna-grande-tietar\/","title":{"rendered":"Natucer klinker Laguna Grande Tietar"},"content":{"rendered":"<p>Keramika je prekrasne braon boje. U koliko \u017eelite neku drugu boju, pozovite nas i mi \u0107emo proveriti kod proizvo\u0111a\u010da. 9 mm debljine je dovoljno za zahtevnije kupce. Veli\u010dina 36&#215;54 cm je odli\u010dna za sve podloge. Online cena je samo 5376,25 RSD, dok redovna, maloprodajna cena 6720,6 RSD. Plo\u010dice dolaze iz \u0160panije, koja je poznata po kvalitetnoj keramiki.<\/p>\n<p>Kliknite na ime serije za sve plo\u010dice u toj seriji: <a class=\"pdfcatal\" href=\"\/\/www.ceramictiles.com\/pdf\/natucer\/catalogue_natucer_laguna_grande.pdf\" onclick=\"recordOutboundLink(this, 'E-mail', 'Description PDF');return false;\">Natucer Ceramica Laguna Grande<\/a><\/p>\n<p>Da bi naru\u010dili model iz PDF kataloga ove serije, molimo vas, da nas kontaktirate na: <a href=\"mailto:zo_mi@ceramictiles.com\" onclick=\"recordOutboundLink(this, 'E-mail', 'Description mail');return false;\">zo_mi@ceramictiles.com<\/a> ili nas pozovite na: For exact offer, PLS send us quantity and product you need with delivery address..<\/p>\n<p>Technical description: <br \/> F 36&#215;54 <br \/>Laguna Grande Mira ; Laguna Grande Tietar ; Laguna Grande Pozas ;<\/p>\n","protected":false},"excerpt":{"rendered":"<p>Keramika je prekrasne braon boje. U koliko \u017eelite neku drugu boju, pozovite nas i mi \u0107emo proveriti kod proizvo\u0111a\u010da. 9 mm debljine je dovoljno za zahtevnije kupce. Veli\u010dina 36&#215;54 cm je odli\u010dna za sve podloge. Online cena je samo 5376,25 RSD, dok redovna, maloprodajna cena 6720,6 RSD. Plo\u010dice dolaze iz \u0160panije, koja je poznata po [&hellip;]<\/p>\n","protected":false},"featured_media":93174,"template":"","meta":[],"product_cat":[150,100,9991435,999,110,120],"product_tag":[],"_links":{"self":[{"href":"https:\/\/www.keramika.com\/srbija\/wp-json\/wp\/v2\/product\/93173"}],"collection":[{"href":"https:\/\/www.keramika.com\/srbija\/wp-json\/wp\/v2\/product"}],"about":[{"href":"https:\/\/www.keramika.com\/srbija\/wp-json\/wp\/v2\/types\/product"}],"wp:featuredmedia":[{"embeddable":true,"href":"https:\/\/www.keramika.com\/srbija\/wp-json\/wp\/v2\/media\/93174"}],"wp:attachment":[{"href":"https:\/\/www.keramika.com\/srbija\/wp-json\/wp\/v2\/media?parent=93173"}],"wp:term":[{"taxonomy":"product_cat","embeddable":true,"href":"https:\/\/www.keramika.com\/srbija\/wp-json\/wp\/v2\/product_cat?post=93173"},{"taxonomy":"product_tag","embeddable":true,"href":"https:\/\/www.keramika.com\/srbija\/wp-json\/wp\/v2\/product_tag?post=93173"}],"curies":[{"name":"wp","href":"https:\/\/api.w.org\/{rel}","templated":true}]}}