{"id":93171,"date":"2017-07-02T04:00:00","date_gmt":"2017-07-02T04:00:00","guid":{"rendered":"http:\/\/www.ceramictiles.com\/srbija\/product\/natucer-klinker-granite-carrara-ext-r-12\/"},"modified":"2026-01-03T00:00:48","modified_gmt":"2026-01-03T00:00:48","slug":"natucer-klinker-granite-carrara-ext-r-12","status":"publish","type":"product","link":"https:\/\/www.keramika.com\/srbija\/natucer-klinker-granite-carrara-ext-r-12\/","title":{"rendered":"Natucer klinker Granite Carrara Ext. R-12"},"content":{"rendered":"<p>Veli\u010dina ove plo\u010dice je 30&#215;30 cm. U maloprodaji bi morali za tu plo\u010dicu platiti 4629,9 RSD, online cena je samo 3704,15 RSD. Ova plo\u010dica je debela 9 mm i zato je izuzetno izdr\u017eljiva. plo\u010dica proizvo\u0111a\u010da Natucer Ceramica iz \u0160panije. U izboru plo\u010dica sive boje, ne mo\u017eete pogre\u0161iti.<\/p>\n<p>Kliknite na ime serije za sve plo\u010dice u toj seriji: <a class=\"pdfcatal\" href=\"\/\/www.ceramictiles.com\/pdf\/natucer\/catalogue_natucer_granite.pdf\" onclick=\"recordOutboundLink(this, 'E-mail', 'Description PDF');return false;\">Natucer Ceramica Granite<\/a><\/p>\n<p>Da bi naru\u010dili model iz PDF kataloga ove serije, molimo vas, da nas kontaktirate na: <a href=\"mailto:zo_mi@ceramictiles.com\" onclick=\"recordOutboundLink(this, 'E-mail', 'Description mail');return false;\">zo_mi@ceramictiles.com<\/a> ili nas pozovite na: For exact offer, PLS send us quantity and product you need with delivery address..<\/p>\n<p>Technical description: <br \/> F 30&#215;30 ; 30&#215;45 ; 22,5&#215;45 ; 22,5&#215;22,5 <br \/>Granite Grosseto ; Granite Livorno ; Granite Calabria ; Granite Empoli ; Granite Carrara ;<\/p>\n","protected":false},"excerpt":{"rendered":"<p>Veli\u010dina ove plo\u010dice je 30&#215;30 cm. U maloprodaji bi morali za tu plo\u010dicu platiti 4629,9 RSD, online cena je samo 3704,15 RSD. Ova plo\u010dica je debela 9 mm i zato je izuzetno izdr\u017eljiva. plo\u010dica proizvo\u0111a\u010da Natucer Ceramica iz \u0160panije. U izboru plo\u010dica sive boje, ne mo\u017eete pogre\u0161iti. Kliknite na ime serije za sve plo\u010dice u [&hellip;]<\/p>\n","protected":false},"featured_media":93172,"template":"","meta":[],"product_cat":[150,100,9991435,999,110,120],"product_tag":[],"_links":{"self":[{"href":"https:\/\/www.keramika.com\/srbija\/wp-json\/wp\/v2\/product\/93171"}],"collection":[{"href":"https:\/\/www.keramika.com\/srbija\/wp-json\/wp\/v2\/product"}],"about":[{"href":"https:\/\/www.keramika.com\/srbija\/wp-json\/wp\/v2\/types\/product"}],"wp:featuredmedia":[{"embeddable":true,"href":"https:\/\/www.keramika.com\/srbija\/wp-json\/wp\/v2\/media\/93172"}],"wp:attachment":[{"href":"https:\/\/www.keramika.com\/srbija\/wp-json\/wp\/v2\/media?parent=93171"}],"wp:term":[{"taxonomy":"product_cat","embeddable":true,"href":"https:\/\/www.keramika.com\/srbija\/wp-json\/wp\/v2\/product_cat?post=93171"},{"taxonomy":"product_tag","embeddable":true,"href":"https:\/\/www.keramika.com\/srbija\/wp-json\/wp\/v2\/product_tag?post=93171"}],"curies":[{"name":"wp","href":"https:\/\/api.w.org\/{rel}","templated":true}]}}