{"id":93169,"date":"2017-07-02T03:59:43","date_gmt":"2017-07-02T03:59:43","guid":{"rendered":"http:\/\/www.ceramictiles.com\/srbija\/product\/natucer-klinker-grand-canyon-nevada\/"},"modified":"2026-01-03T00:00:48","modified_gmt":"2026-01-03T00:00:48","slug":"natucer-klinker-grand-canyon-nevada","status":"publish","type":"product","link":"https:\/\/www.keramika.com\/srbija\/natucer-klinker-grand-canyon-nevada\/","title":{"rendered":"Natucer klinker Grand Canyon Nevada"},"content":{"rendered":"<p>Plo\u010dica na sliki je 30&#215;30 cm. Plo\u010dice sive boje osvje\u017eit \u0107e svaki prostor. Redovna cena, ovih plo\u010dica u maloprodaji je 4629,9 RSD. U na\u0161oj online trgovini, je mo\u017eete kupiti za 3704,15 RSD. Ova plo\u010dica je debela 9 mm i zato je izuzetno izdr\u017eljiva. Natucer klinker Grand Canyon Nevada dolazi iz \u0160panije, koja je poznata po vrlo visokoj kvaliteta keramike u svetu.<\/p>\n<p>Kliknite na ime serije za sve plo\u010dice u toj seriji: <a class=\"pdfcatal\" href=\"\/\/www.ceramictiles.com\/pdf\/natucer\/catalogue_natucer_grand_canyon.pdf\" onclick=\"recordOutboundLink(this, 'E-mail', 'Description PDF');return false;\">Natucer Ceramica Grand Canyon<\/a><\/p>\n<p>Da bi naru\u010dili model iz PDF kataloga ove serije, molimo vas, da nas kontaktirate na: <a href=\"mailto:zo_mi@ceramictiles.com\" onclick=\"recordOutboundLink(this, 'E-mail', 'Description mail');return false;\">zo_mi@ceramictiles.com<\/a> ili nas pozovite na: For exact offer, PLS send us quantity and product you need with delivery address..<\/p>\n<p>Technical description: <br \/> F 30&#215;30 ; 30&#215;45 ; 22,5&#215;45 ; 22,5&#215;22,5 <br \/>Grand Canyon Nevada ; Grand Canyon Arizona ; Grand Canyon Utah ;<\/p>\n","protected":false},"excerpt":{"rendered":"<p>Plo\u010dica na sliki je 30&#215;30 cm. Plo\u010dice sive boje osvje\u017eit \u0107e svaki prostor. Redovna cena, ovih plo\u010dica u maloprodaji je 4629,9 RSD. U na\u0161oj online trgovini, je mo\u017eete kupiti za 3704,15 RSD. Ova plo\u010dica je debela 9 mm i zato je izuzetno izdr\u017eljiva. Natucer klinker Grand Canyon Nevada dolazi iz \u0160panije, koja je poznata po [&hellip;]<\/p>\n","protected":false},"featured_media":93170,"template":"","meta":[],"product_cat":[150,100,9991435,999,110,120],"product_tag":[],"_links":{"self":[{"href":"https:\/\/www.keramika.com\/srbija\/wp-json\/wp\/v2\/product\/93169"}],"collection":[{"href":"https:\/\/www.keramika.com\/srbija\/wp-json\/wp\/v2\/product"}],"about":[{"href":"https:\/\/www.keramika.com\/srbija\/wp-json\/wp\/v2\/types\/product"}],"wp:featuredmedia":[{"embeddable":true,"href":"https:\/\/www.keramika.com\/srbija\/wp-json\/wp\/v2\/media\/93170"}],"wp:attachment":[{"href":"https:\/\/www.keramika.com\/srbija\/wp-json\/wp\/v2\/media?parent=93169"}],"wp:term":[{"taxonomy":"product_cat","embeddable":true,"href":"https:\/\/www.keramika.com\/srbija\/wp-json\/wp\/v2\/product_cat?post=93169"},{"taxonomy":"product_tag","embeddable":true,"href":"https:\/\/www.keramika.com\/srbija\/wp-json\/wp\/v2\/product_tag?post=93169"}],"curies":[{"name":"wp","href":"https:\/\/api.w.org\/{rel}","templated":true}]}}