{"id":93165,"date":"2017-07-02T03:59:01","date_gmt":"2017-07-02T03:59:01","guid":{"rendered":"http:\/\/www.ceramictiles.com\/srbija\/product\/natucer-klinker-centro-formats-vermell\/"},"modified":"2026-01-03T00:00:47","modified_gmt":"2026-01-03T00:00:47","slug":"natucer-klinker-centro-formats-vermell","status":"publish","type":"product","link":"https:\/\/www.keramika.com\/srbija\/natucer-klinker-centro-formats-vermell\/","title":{"rendered":"Natucer klinker Centro Formats Vermell"},"content":{"rendered":"<p>Debljina plo\u010dice, je vrlo va\u017ena 9 mm i ubraja tu plo\u010dicu me\u0111u najkvalitetnije. Ove plo\u010dice dolaze od proizvo\u0111a\u010da Natucer Ceramica, iz \u0160panije. 2732,4 RSD je redovna prodajna cena keramike, tu pa samo 2186,15 RSD. Plo\u010dice crvene boje osvje\u017eit \u0107e svaki prostor. Veli\u010dina plo\u010dice je 15&#215;25 cm i odli\u010dna je za razli\u010dite povr\u0161ine.<\/p>\n<p>Kliknite na ime serije za sve plo\u010dice u toj seriji: <a class=\"pdfcatal\" href=\"\/\/www.ceramictiles.com\/pdf\/natucer\/catalogue_natucer_formats.pdf\" onclick=\"recordOutboundLink(this, 'E-mail', 'Description PDF');return false;\">Natucer Ceramica Formats<\/a><\/p>\n<p>Da bi naru\u010dili model iz PDF kataloga ove serije, molimo vas, da nas kontaktirate na: <a href=\"mailto:zo_mi@ceramictiles.com\" onclick=\"recordOutboundLink(this, 'E-mail', 'Description mail');return false;\">zo_mi@ceramictiles.com<\/a> ili nas pozovite na: For exact offer, PLS send us quantity and product you need with delivery address..<\/p>\n<p>Technical description: <br \/> W 15&#215;50 ; 5&#215;50 ; 5&#215;25 ; 15&#215;25 <br \/>Formats Dia ; Formats Nit ; Formats Nuvol ; Formats Arena ; Formats Llac ; Formats Cafe ; Centro Regles Titani ; Centro Regles Argent ; Centro Regles Tabac ; Centro Regles Turquesa ; Centro Regles Menta ; Centro Regles Caqui ; Centro Regles Vermell ;<\/p>\n","protected":false},"excerpt":{"rendered":"<p>Debljina plo\u010dice, je vrlo va\u017ena 9 mm i ubraja tu plo\u010dicu me\u0111u najkvalitetnije. Ove plo\u010dice dolaze od proizvo\u0111a\u010da Natucer Ceramica, iz \u0160panije. 2732,4 RSD je redovna prodajna cena keramike, tu pa samo 2186,15 RSD. Plo\u010dice crvene boje osvje\u017eit \u0107e svaki prostor. Veli\u010dina plo\u010dice je 15&#215;25 cm i odli\u010dna je za razli\u010dite povr\u0161ine. Kliknite na ime [&hellip;]<\/p>\n","protected":false},"featured_media":93166,"template":"","meta":[],"product_cat":[100,9991435,999,120],"product_tag":[],"_links":{"self":[{"href":"https:\/\/www.keramika.com\/srbija\/wp-json\/wp\/v2\/product\/93165"}],"collection":[{"href":"https:\/\/www.keramika.com\/srbija\/wp-json\/wp\/v2\/product"}],"about":[{"href":"https:\/\/www.keramika.com\/srbija\/wp-json\/wp\/v2\/types\/product"}],"wp:featuredmedia":[{"embeddable":true,"href":"https:\/\/www.keramika.com\/srbija\/wp-json\/wp\/v2\/media\/93166"}],"wp:attachment":[{"href":"https:\/\/www.keramika.com\/srbija\/wp-json\/wp\/v2\/media?parent=93165"}],"wp:term":[{"taxonomy":"product_cat","embeddable":true,"href":"https:\/\/www.keramika.com\/srbija\/wp-json\/wp\/v2\/product_cat?post=93165"},{"taxonomy":"product_tag","embeddable":true,"href":"https:\/\/www.keramika.com\/srbija\/wp-json\/wp\/v2\/product_tag?post=93165"}],"curies":[{"name":"wp","href":"https:\/\/api.w.org\/{rel}","templated":true}]}}